{"id":4741,"date":"2025-07-14T12:17:08","date_gmt":"2025-07-14T10:17:08","guid":{"rendered":"https:\/\/dcid-design.com\/producto\/portavelas-de-bambu-grande\/"},"modified":"2025-07-14T12:17:08","modified_gmt":"2025-07-14T10:17:08","slug":"portavelas-de-bambu-grande","status":"publish","type":"product","link":"https:\/\/dcid-design.com\/es\/producto\/portavelas-de-bambu-grande\/","title":{"rendered":"Portavelas de bamb\u00fa (grande)"},"content":{"rendered":"<p>A\u00f1ade un toque c\u00e1lido y natural a tu espacio con este elegante portavelas de bamb\u00fa. Con un marco de metal negro y un inserto de cristal transparente, es perfecto para exponer con seguridad tus velas favoritas. Ideal para interior o exterior, aporta un ambiente acogedor y un encanto elegante a cualquier ambiente. Hay disponible un portavelas similar en un tama\u00f1o ligeramente m\u00e1s peque\u00f1o.   <\/p>\n","protected":false},"excerpt":{"rendered":"<p>A\u00f1ade un toque c\u00e1lido y natural a tu espacio con este elegante portavelas de bamb\u00fa. Con un marco de metal negro y un inserto de cristal transparente, es perfecto para exponer con seguridad tus velas favoritas. Ideal para interior o exterior, aporta un ambiente acogedor y un encanto elegante a cualquier ambiente. Hay disponible un [&hellip;]<\/p>\n","protected":false},"featured_media":4736,"template":"","meta":{"_et_pb_use_builder":"","_et_pb_old_content":"","_et_gb_content_width":""},"product_brand":[],"product_cat":[53,56,72,67,73,71,55],"product_tag":[],"class_list":{"0":"post-4741","1":"product","2":"type-product","3":"status-publish","4":"has-post-thumbnail","6":"product_cat-decoraciones","7":"product_cat-accesorios-de-bano","8":"product_cat-bano","9":"product_cat-dormitorio","10":"product_cat-exterior-es","11":"product_cat-iluminacion","12":"product_cat-sala-de-estar","14":"first","15":"instock","16":"taxable","17":"shipping-taxable","18":"purchasable","19":"product-type-simple"},"_links":{"self":[{"href":"https:\/\/dcid-design.com\/es\/wp-json\/wp\/v2\/product\/4741","targetHints":{"allow":["GET"]}}],"collection":[{"href":"https:\/\/dcid-design.com\/es\/wp-json\/wp\/v2\/product"}],"about":[{"href":"https:\/\/dcid-design.com\/es\/wp-json\/wp\/v2\/types\/product"}],"wp:featuredmedia":[{"embeddable":true,"href":"https:\/\/dcid-design.com\/es\/wp-json\/wp\/v2\/media\/4736"}],"wp:attachment":[{"href":"https:\/\/dcid-design.com\/es\/wp-json\/wp\/v2\/media?parent=4741"}],"wp:term":[{"taxonomy":"product_brand","embeddable":true,"href":"https:\/\/dcid-design.com\/es\/wp-json\/wp\/v2\/product_brand?post=4741"},{"taxonomy":"product_cat","embeddable":true,"href":"https:\/\/dcid-design.com\/es\/wp-json\/wp\/v2\/product_cat?post=4741"},{"taxonomy":"product_tag","embeddable":true,"href":"https:\/\/dcid-design.com\/es\/wp-json\/wp\/v2\/product_tag?post=4741"}],"curies":[{"name":"wp","href":"https:\/\/api.w.org\/{rel}","templated":true}]}}