{"id":4730,"date":"2025-06-30T14:47:01","date_gmt":"2025-06-30T12:47:01","guid":{"rendered":"https:\/\/dcid-design.com\/producto\/sillon-de-ratan-para-exterior\/"},"modified":"2025-06-30T14:47:01","modified_gmt":"2025-06-30T12:47:01","slug":"sillon-de-ratan-para-exterior","status":"publish","type":"product","link":"https:\/\/dcid-design.com\/es\/producto\/sillon-de-ratan-para-exterior\/","title":{"rendered":"Sill\u00f3n de rat\u00e1n para exterior"},"content":{"rendered":"<p>Silla de rat\u00e1n con coj\u00edn negro. Esta impresionante pieza de exterior destaca por su dise\u00f1o moderno y redondeado, perfecto para la temporada. Rompiendo con los estilos tradicionales, aporta un aspecto fresco y contempor\u00e1neo. El asiento negro a\u00f1ade comodidad adicional, por lo que es ideal para largas reuniones al aire libre con amigos y familiares donde el tiempo vuela. No puede faltar en su patio o jard\u00edn.    <\/p>\n","protected":false},"excerpt":{"rendered":"<p>Silla de rat\u00e1n con coj\u00edn negro. Esta impresionante pieza de exterior destaca por su dise\u00f1o moderno y redondeado, perfecto para la temporada. Rompiendo con los estilos tradicionales, aporta un aspecto fresco y contempor\u00e1neo. El asiento negro a\u00f1ade comodidad adicional, por lo que es ideal para largas reuniones al aire libre con amigos y familiares donde [&hellip;]<\/p>\n","protected":false},"featured_media":4575,"template":"","meta":{"_et_pb_use_builder":"","_et_pb_old_content":"","_et_gb_content_width":""},"product_brand":[],"product_cat":[57,73],"product_tag":[],"class_list":{"0":"post-4730","1":"product","2":"type-product","3":"status-publish","4":"has-post-thumbnail","6":"product_cat-muebles","7":"product_cat-exterior-es","9":"first","10":"instock","11":"taxable","12":"shipping-taxable","13":"purchasable","14":"product-type-simple"},"_links":{"self":[{"href":"https:\/\/dcid-design.com\/es\/wp-json\/wp\/v2\/product\/4730","targetHints":{"allow":["GET"]}}],"collection":[{"href":"https:\/\/dcid-design.com\/es\/wp-json\/wp\/v2\/product"}],"about":[{"href":"https:\/\/dcid-design.com\/es\/wp-json\/wp\/v2\/types\/product"}],"wp:featuredmedia":[{"embeddable":true,"href":"https:\/\/dcid-design.com\/es\/wp-json\/wp\/v2\/media\/4575"}],"wp:attachment":[{"href":"https:\/\/dcid-design.com\/es\/wp-json\/wp\/v2\/media?parent=4730"}],"wp:term":[{"taxonomy":"product_brand","embeddable":true,"href":"https:\/\/dcid-design.com\/es\/wp-json\/wp\/v2\/product_brand?post=4730"},{"taxonomy":"product_cat","embeddable":true,"href":"https:\/\/dcid-design.com\/es\/wp-json\/wp\/v2\/product_cat?post=4730"},{"taxonomy":"product_tag","embeddable":true,"href":"https:\/\/dcid-design.com\/es\/wp-json\/wp\/v2\/product_tag?post=4730"}],"curies":[{"name":"wp","href":"https:\/\/api.w.org\/{rel}","templated":true}]}}