{"id":4729,"date":"2025-07-09T14:27:11","date_gmt":"2025-07-09T12:27:11","guid":{"rendered":"https:\/\/dcid-design.com\/producto\/masajeador-y-gua-sha-cuarzo\/"},"modified":"2025-07-09T14:27:11","modified_gmt":"2025-07-09T12:27:11","slug":"masajeador-y-gua-sha-cuarzo","status":"publish","type":"product","link":"https:\/\/dcid-design.com\/es\/producto\/masajeador-y-gua-sha-cuarzo\/","title":{"rendered":"Masajeador y Gua Sha (Cuarzo)"},"content":{"rendered":"<p>Kit de masaje que contiene un masajeador de rodillo y un gua sha. Los art\u00edculos incluidos est\u00e1n fabricados con cuarzo aut\u00e9ntico, un cristal del que se dice que favorece la claridad, la limpieza y la curaci\u00f3n, y muchos m\u00e1s efectos positivos. <\/p>\n","protected":false},"excerpt":{"rendered":"<p>Kit de masaje que contiene un masajeador de rodillo y un gua sha. Los art\u00edculos incluidos est\u00e1n fabricados con cuarzo aut\u00e9ntico, un cristal del que se dice que favorece la claridad, la limpieza y la curaci\u00f3n, y muchos m\u00e1s efectos positivos.<\/p>\n","protected":false},"featured_media":4728,"template":"","meta":{"_et_pb_use_builder":"","_et_pb_old_content":"","_et_gb_content_width":""},"product_brand":[],"product_cat":[89],"product_tag":[],"class_list":{"0":"post-4729","1":"product","2":"type-product","3":"status-publish","4":"has-post-thumbnail","6":"product_cat-articulos-de-cuidado-personal","8":"first","9":"instock","10":"taxable","11":"shipping-taxable","12":"purchasable","13":"product-type-simple"},"_links":{"self":[{"href":"https:\/\/dcid-design.com\/es\/wp-json\/wp\/v2\/product\/4729","targetHints":{"allow":["GET"]}}],"collection":[{"href":"https:\/\/dcid-design.com\/es\/wp-json\/wp\/v2\/product"}],"about":[{"href":"https:\/\/dcid-design.com\/es\/wp-json\/wp\/v2\/types\/product"}],"wp:featuredmedia":[{"embeddable":true,"href":"https:\/\/dcid-design.com\/es\/wp-json\/wp\/v2\/media\/4728"}],"wp:attachment":[{"href":"https:\/\/dcid-design.com\/es\/wp-json\/wp\/v2\/media?parent=4729"}],"wp:term":[{"taxonomy":"product_brand","embeddable":true,"href":"https:\/\/dcid-design.com\/es\/wp-json\/wp\/v2\/product_brand?post=4729"},{"taxonomy":"product_cat","embeddable":true,"href":"https:\/\/dcid-design.com\/es\/wp-json\/wp\/v2\/product_cat?post=4729"},{"taxonomy":"product_tag","embeddable":true,"href":"https:\/\/dcid-design.com\/es\/wp-json\/wp\/v2\/product_tag?post=4729"}],"curies":[{"name":"wp","href":"https:\/\/api.w.org\/{rel}","templated":true}]}}