{"id":4712,"date":"2025-07-09T13:25:26","date_gmt":"2025-07-09T11:25:26","guid":{"rendered":"https:\/\/dcid-design.com\/producto\/masajeador-y-gua-sha-amatista\/"},"modified":"2025-07-09T13:25:26","modified_gmt":"2025-07-09T11:25:26","slug":"masajeador-y-gua-sha-amatista","status":"publish","type":"product","link":"https:\/\/dcid-design.com\/es\/producto\/masajeador-y-gua-sha-amatista\/","title":{"rendered":"Masajeador y Gua Sha (Amatista)"},"content":{"rendered":"<p>Kit de masaje que contiene un masajeador de rodillo y un gua sha. Los art\u00edculos incluidos est\u00e1n hechos con aut\u00e9ntica amatista, un cristal del que se dice que favorece la calma, la claridad, el equilibrio emocional, la conciencia espiritual y muchos m\u00e1s efectos positivos. <\/p>\n","protected":false},"excerpt":{"rendered":"<p>Kit de masaje que contiene un masajeador de rodillo y un gua sha. Los art\u00edculos incluidos est\u00e1n hechos con aut\u00e9ntica amatista, un cristal del que se dice que favorece la calma, la claridad, el equilibrio emocional, la conciencia espiritual y muchos m\u00e1s efectos positivos.<\/p>\n","protected":false},"featured_media":4709,"template":"","meta":{"_et_pb_use_builder":"","_et_pb_old_content":"","_et_gb_content_width":""},"product_brand":[],"product_cat":[89],"product_tag":[],"class_list":{"0":"post-4712","1":"product","2":"type-product","3":"status-publish","4":"has-post-thumbnail","6":"product_cat-articulos-de-cuidado-personal","8":"first","9":"instock","10":"taxable","11":"shipping-taxable","12":"purchasable","13":"product-type-simple"},"_links":{"self":[{"href":"https:\/\/dcid-design.com\/es\/wp-json\/wp\/v2\/product\/4712","targetHints":{"allow":["GET"]}}],"collection":[{"href":"https:\/\/dcid-design.com\/es\/wp-json\/wp\/v2\/product"}],"about":[{"href":"https:\/\/dcid-design.com\/es\/wp-json\/wp\/v2\/types\/product"}],"wp:featuredmedia":[{"embeddable":true,"href":"https:\/\/dcid-design.com\/es\/wp-json\/wp\/v2\/media\/4709"}],"wp:attachment":[{"href":"https:\/\/dcid-design.com\/es\/wp-json\/wp\/v2\/media?parent=4712"}],"wp:term":[{"taxonomy":"product_brand","embeddable":true,"href":"https:\/\/dcid-design.com\/es\/wp-json\/wp\/v2\/product_brand?post=4712"},{"taxonomy":"product_cat","embeddable":true,"href":"https:\/\/dcid-design.com\/es\/wp-json\/wp\/v2\/product_cat?post=4712"},{"taxonomy":"product_tag","embeddable":true,"href":"https:\/\/dcid-design.com\/es\/wp-json\/wp\/v2\/product_tag?post=4712"}],"curies":[{"name":"wp","href":"https:\/\/api.w.org\/{rel}","templated":true}]}}