{"id":4704,"date":"2025-07-09T12:53:16","date_gmt":"2025-07-09T10:53:16","guid":{"rendered":"https:\/\/dcid-design.com\/producto\/mesa-de-aluminio-y-ceramica-grande\/"},"modified":"2025-07-09T12:53:16","modified_gmt":"2025-07-09T10:53:16","slug":"mesa-de-aluminio-y-ceramica-grande","status":"publish","type":"product","link":"https:\/\/dcid-design.com\/es\/producto\/mesa-de-aluminio-y-ceramica-grande\/","title":{"rendered":"Mesa de aluminio y cer\u00e1mica (grande)"},"content":{"rendered":"<p>Mesa de centro grande fabricada en aluminio y cer\u00e1mica, con acabado efecto m\u00e1rmol. Dise\u00f1ada para exteriores. Disponible en varios tama\u00f1os, que se venden por separado.  <\/p>\n","protected":false},"excerpt":{"rendered":"<p>Mesa de centro grande fabricada en aluminio y cer\u00e1mica, con acabado efecto m\u00e1rmol. Dise\u00f1ada para exteriores. Disponible en varios tama\u00f1os, que se venden por separado.<\/p>\n","protected":false},"featured_media":4703,"template":"","meta":{"_et_pb_use_builder":"","_et_pb_old_content":"","_et_gb_content_width":""},"product_brand":[],"product_cat":[57,73],"product_tag":[],"class_list":{"0":"post-4704","1":"product","2":"type-product","3":"status-publish","4":"has-post-thumbnail","6":"product_cat-muebles","7":"product_cat-exterior-es","9":"first","10":"instock","11":"taxable","12":"shipping-taxable","13":"purchasable","14":"product-type-simple"},"_links":{"self":[{"href":"https:\/\/dcid-design.com\/es\/wp-json\/wp\/v2\/product\/4704","targetHints":{"allow":["GET"]}}],"collection":[{"href":"https:\/\/dcid-design.com\/es\/wp-json\/wp\/v2\/product"}],"about":[{"href":"https:\/\/dcid-design.com\/es\/wp-json\/wp\/v2\/types\/product"}],"wp:featuredmedia":[{"embeddable":true,"href":"https:\/\/dcid-design.com\/es\/wp-json\/wp\/v2\/media\/4703"}],"wp:attachment":[{"href":"https:\/\/dcid-design.com\/es\/wp-json\/wp\/v2\/media?parent=4704"}],"wp:term":[{"taxonomy":"product_brand","embeddable":true,"href":"https:\/\/dcid-design.com\/es\/wp-json\/wp\/v2\/product_brand?post=4704"},{"taxonomy":"product_cat","embeddable":true,"href":"https:\/\/dcid-design.com\/es\/wp-json\/wp\/v2\/product_cat?post=4704"},{"taxonomy":"product_tag","embeddable":true,"href":"https:\/\/dcid-design.com\/es\/wp-json\/wp\/v2\/product_tag?post=4704"}],"curies":[{"name":"wp","href":"https:\/\/api.w.org\/{rel}","templated":true}]}}