{"id":4697,"date":"2025-07-09T12:37:31","date_gmt":"2025-07-09T10:37:31","guid":{"rendered":"https:\/\/dcid-design.com\/producto\/mesa-de-centro-de-aluminio\/"},"modified":"2025-07-30T00:00:03","modified_gmt":"2025-07-29T22:00:03","slug":"mesa-de-centro-de-aluminio","status":"publish","type":"product","link":"https:\/\/dcid-design.com\/es\/producto\/mesa-de-centro-de-aluminio\/","title":{"rendered":"Mesa de centro de aluminio"},"content":{"rendered":"<p>Mesa de centro ovalada con estructura de aluminio blanco y tablero de piedra. Dise\u00f1ada para exteriores, combina a la perfecci\u00f3n con nuestros sillones y sof\u00e1s a juego. <\/p>\n","protected":false},"excerpt":{"rendered":"<p>Mesa de centro ovalada con estructura de aluminio blanco y tablero de piedra. Dise\u00f1ada para exteriores, combina a la perfecci\u00f3n con nuestros sillones y sof\u00e1s a juego.<\/p>\n","protected":false},"featured_media":4696,"template":"","meta":{"_et_pb_use_builder":"","_et_pb_old_content":"","_et_gb_content_width":""},"product_brand":[],"product_cat":[57,73],"product_tag":[],"class_list":{"0":"post-4697","1":"product","2":"type-product","3":"status-publish","4":"has-post-thumbnail","6":"product_cat-muebles","7":"product_cat-exterior-es","9":"first","10":"instock","11":"taxable","12":"shipping-taxable","13":"purchasable","14":"product-type-simple"},"_links":{"self":[{"href":"https:\/\/dcid-design.com\/es\/wp-json\/wp\/v2\/product\/4697","targetHints":{"allow":["GET"]}}],"collection":[{"href":"https:\/\/dcid-design.com\/es\/wp-json\/wp\/v2\/product"}],"about":[{"href":"https:\/\/dcid-design.com\/es\/wp-json\/wp\/v2\/types\/product"}],"wp:featuredmedia":[{"embeddable":true,"href":"https:\/\/dcid-design.com\/es\/wp-json\/wp\/v2\/media\/4696"}],"wp:attachment":[{"href":"https:\/\/dcid-design.com\/es\/wp-json\/wp\/v2\/media?parent=4697"}],"wp:term":[{"taxonomy":"product_brand","embeddable":true,"href":"https:\/\/dcid-design.com\/es\/wp-json\/wp\/v2\/product_brand?post=4697"},{"taxonomy":"product_cat","embeddable":true,"href":"https:\/\/dcid-design.com\/es\/wp-json\/wp\/v2\/product_cat?post=4697"},{"taxonomy":"product_tag","embeddable":true,"href":"https:\/\/dcid-design.com\/es\/wp-json\/wp\/v2\/product_tag?post=4697"}],"curies":[{"name":"wp","href":"https:\/\/api.w.org\/{rel}","templated":true}]}}