{"id":4687,"date":"2025-07-09T12:08:48","date_gmt":"2025-07-09T10:08:48","guid":{"rendered":"https:\/\/dcid-design.com\/producto\/mesa-auxiliar-de-aluminio-y-ceramica\/"},"modified":"2025-07-09T12:08:48","modified_gmt":"2025-07-09T10:08:48","slug":"mesa-auxiliar-de-aluminio-y-ceramica","status":"publish","type":"product","link":"https:\/\/dcid-design.com\/es\/producto\/mesa-auxiliar-de-aluminio-y-ceramica\/","title":{"rendered":"Mesa auxiliar de aluminio y cer\u00e1mica"},"content":{"rendered":"<p>Mesa auxiliar de exterior fabricada en aluminio y cer\u00e1mica, con un dise\u00f1o de efecto m\u00e1rmol. Perfecta como mesa de centro para espacios exteriores. Disponible en varios tama\u00f1os, cada uno se vende por separado.  <\/p>\n","protected":false},"excerpt":{"rendered":"<p>Mesa auxiliar de exterior fabricada en aluminio y cer\u00e1mica, con un dise\u00f1o de efecto m\u00e1rmol. Perfecta como mesa de centro para espacios exteriores. Disponible en varios tama\u00f1os, cada uno se vende por separado.<\/p>\n","protected":false},"featured_media":4685,"template":"","meta":{"_et_pb_use_builder":"","_et_pb_old_content":"","_et_gb_content_width":""},"product_brand":[],"product_cat":[68,73,57,55],"product_tag":[],"class_list":{"0":"post-4687","1":"product","2":"type-product","3":"status-publish","4":"has-post-thumbnail","6":"product_cat-comedor","7":"product_cat-exterior-es","8":"product_cat-muebles","9":"product_cat-sala-de-estar","11":"first","12":"instock","13":"taxable","14":"shipping-taxable","15":"purchasable","16":"product-type-simple"},"_links":{"self":[{"href":"https:\/\/dcid-design.com\/es\/wp-json\/wp\/v2\/product\/4687","targetHints":{"allow":["GET"]}}],"collection":[{"href":"https:\/\/dcid-design.com\/es\/wp-json\/wp\/v2\/product"}],"about":[{"href":"https:\/\/dcid-design.com\/es\/wp-json\/wp\/v2\/types\/product"}],"wp:featuredmedia":[{"embeddable":true,"href":"https:\/\/dcid-design.com\/es\/wp-json\/wp\/v2\/media\/4685"}],"wp:attachment":[{"href":"https:\/\/dcid-design.com\/es\/wp-json\/wp\/v2\/media?parent=4687"}],"wp:term":[{"taxonomy":"product_brand","embeddable":true,"href":"https:\/\/dcid-design.com\/es\/wp-json\/wp\/v2\/product_brand?post=4687"},{"taxonomy":"product_cat","embeddable":true,"href":"https:\/\/dcid-design.com\/es\/wp-json\/wp\/v2\/product_cat?post=4687"},{"taxonomy":"product_tag","embeddable":true,"href":"https:\/\/dcid-design.com\/es\/wp-json\/wp\/v2\/product_tag?post=4687"}],"curies":[{"name":"wp","href":"https:\/\/api.w.org\/{rel}","templated":true}]}}