{"id":4678,"date":"2025-07-07T17:27:45","date_gmt":"2025-07-07T15:27:45","guid":{"rendered":"https:\/\/dcid-design.com\/producto\/sillon-de-exterior\/"},"modified":"2025-07-30T00:00:03","modified_gmt":"2025-07-29T22:00:03","slug":"sillon-de-exterior","status":"publish","type":"product","link":"https:\/\/dcid-design.com\/es\/producto\/sillon-de-exterior\/","title":{"rendered":"Sill\u00f3n de exterior"},"content":{"rendered":"<p>Este sill\u00f3n de aluminio para exteriores tiene una estructura blanca y cuerda de color natural. Este c\u00f3modo sill\u00f3n es ideal para su jard\u00edn, porche o terraza. Cree una elegante zona chill-out con facilidad. Tambi\u00e9n hay disponibles sillas y sof\u00e1s a juego.   <\/p>\n","protected":false},"excerpt":{"rendered":"<p>Este sill\u00f3n de aluminio para exteriores tiene una estructura blanca y cuerda de color natural. Este c\u00f3modo sill\u00f3n es ideal para su jard\u00edn, porche o terraza. Cree una elegante zona chill-out con facilidad. Tambi\u00e9n hay disponibles sillas y sof\u00e1s a juego.<\/p>\n","protected":false},"featured_media":4671,"template":"","meta":{"_et_pb_use_builder":"","_et_pb_old_content":"","_et_gb_content_width":""},"product_brand":[],"product_cat":[57,73],"product_tag":[],"class_list":{"0":"post-4678","1":"product","2":"type-product","3":"status-publish","4":"has-post-thumbnail","6":"product_cat-muebles","7":"product_cat-exterior-es","9":"first","10":"instock","11":"taxable","12":"shipping-taxable","13":"purchasable","14":"product-type-simple"},"_links":{"self":[{"href":"https:\/\/dcid-design.com\/es\/wp-json\/wp\/v2\/product\/4678","targetHints":{"allow":["GET"]}}],"collection":[{"href":"https:\/\/dcid-design.com\/es\/wp-json\/wp\/v2\/product"}],"about":[{"href":"https:\/\/dcid-design.com\/es\/wp-json\/wp\/v2\/types\/product"}],"wp:featuredmedia":[{"embeddable":true,"href":"https:\/\/dcid-design.com\/es\/wp-json\/wp\/v2\/media\/4671"}],"wp:attachment":[{"href":"https:\/\/dcid-design.com\/es\/wp-json\/wp\/v2\/media?parent=4678"}],"wp:term":[{"taxonomy":"product_brand","embeddable":true,"href":"https:\/\/dcid-design.com\/es\/wp-json\/wp\/v2\/product_brand?post=4678"},{"taxonomy":"product_cat","embeddable":true,"href":"https:\/\/dcid-design.com\/es\/wp-json\/wp\/v2\/product_cat?post=4678"},{"taxonomy":"product_tag","embeddable":true,"href":"https:\/\/dcid-design.com\/es\/wp-json\/wp\/v2\/product_tag?post=4678"}],"curies":[{"name":"wp","href":"https:\/\/api.w.org\/{rel}","templated":true}]}}