{"id":4668,"date":"2025-07-07T16:37:14","date_gmt":"2025-07-07T14:37:14","guid":{"rendered":"https:\/\/dcid-design.com\/producto\/sofa-de-exterior\/"},"modified":"2025-08-01T00:21:54","modified_gmt":"2025-07-31T22:21:54","slug":"sofa-de-exterior","status":"publish","type":"product","link":"https:\/\/dcid-design.com\/es\/producto\/sofa-de-exterior\/","title":{"rendered":"Sof\u00e1 de exterior"},"content":{"rendered":"<p>Sof\u00e1 de exterior con estructura de aluminio blanco y cuerda de bamb\u00fa de color natural.Tambi\u00e9n hay art\u00edculos similares a juego con esta pieza, en concreto un sill\u00f3n y una silla a juego. Seguro que ser\u00e1 la pieza central con estilo de su porche, jard\u00edn o terraza. <\/p>\n","protected":false},"excerpt":{"rendered":"<p>Sof\u00e1 de exterior con estructura de aluminio blanco y cuerda de bamb\u00fa de color natural.Tambi\u00e9n hay art\u00edculos similares a juego con esta pieza, en concreto un sill\u00f3n y una silla a juego. Seguro que ser\u00e1 la pieza central con estilo de su porche, jard\u00edn o terraza.<\/p>\n","protected":false},"featured_media":4665,"template":"","meta":{"_et_pb_use_builder":"","_et_pb_old_content":"","_et_gb_content_width":""},"product_brand":[],"product_cat":[73,57],"product_tag":[],"class_list":{"0":"post-4668","1":"product","2":"type-product","3":"status-publish","4":"has-post-thumbnail","6":"product_cat-exterior-es","7":"product_cat-muebles","9":"first","10":"instock","11":"taxable","12":"shipping-taxable","13":"purchasable","14":"product-type-simple"},"_links":{"self":[{"href":"https:\/\/dcid-design.com\/es\/wp-json\/wp\/v2\/product\/4668","targetHints":{"allow":["GET"]}}],"collection":[{"href":"https:\/\/dcid-design.com\/es\/wp-json\/wp\/v2\/product"}],"about":[{"href":"https:\/\/dcid-design.com\/es\/wp-json\/wp\/v2\/types\/product"}],"wp:featuredmedia":[{"embeddable":true,"href":"https:\/\/dcid-design.com\/es\/wp-json\/wp\/v2\/media\/4665"}],"wp:attachment":[{"href":"https:\/\/dcid-design.com\/es\/wp-json\/wp\/v2\/media?parent=4668"}],"wp:term":[{"taxonomy":"product_brand","embeddable":true,"href":"https:\/\/dcid-design.com\/es\/wp-json\/wp\/v2\/product_brand?post=4668"},{"taxonomy":"product_cat","embeddable":true,"href":"https:\/\/dcid-design.com\/es\/wp-json\/wp\/v2\/product_cat?post=4668"},{"taxonomy":"product_tag","embeddable":true,"href":"https:\/\/dcid-design.com\/es\/wp-json\/wp\/v2\/product_tag?post=4668"}],"curies":[{"name":"wp","href":"https:\/\/api.w.org\/{rel}","templated":true}]}}