{"id":4589,"date":"2025-06-30T16:05:08","date_gmt":"2025-06-30T14:05:08","guid":{"rendered":"https:\/\/dcid-design.com\/producto\/set-de-muebles-para-exterior-de-ratan\/"},"modified":"2025-06-30T16:05:08","modified_gmt":"2025-06-30T14:05:08","slug":"set-de-muebles-para-exterior-de-ratan","status":"publish","type":"product","link":"https:\/\/dcid-design.com\/es\/producto\/set-de-muebles-para-exterior-de-ratan\/","title":{"rendered":"Set de muebles para exterior de rat\u00e1n"},"content":{"rendered":"<p>Un set de exterior fabricado con material de rat\u00e1n sint\u00e9tico. Incluye 4 piezas: 2 sillones de rat\u00e1n para exterior, 1 sof\u00e1 de rat\u00e1n para exterior y 1 mesa de centro para exterior. Este conjunto es perfecto para quienes buscan muebles para sus jardines o patios traseros.   <\/p>\n<p>Medidas de los productos:<br \/>\nSill\u00f3n de rat\u00e1n para exterior<br \/>\n58 \u00d7 62 \u00d7 81 cm<br \/>\nSof\u00e1 de rat\u00e1n para exterior<br \/>\n127,5 \u00d7 63 \u00d7 77 cm<br \/>\nMesa de centro para exterior<br \/>\n87 \u00d7 87 \u00d7 43 cm<\/p>\n","protected":false},"excerpt":{"rendered":"<p>Un set de exterior fabricado con material de rat\u00e1n sint\u00e9tico. Incluye 4 piezas: 2 sillones de rat\u00e1n para exterior, 1 sof\u00e1 de rat\u00e1n para exterior y 1 mesa de centro para exterior. Este conjunto es perfecto para quienes buscan muebles para sus jardines o patios traseros. Medidas de los productos: Sill\u00f3n de rat\u00e1n para exterior [&hellip;]<\/p>\n","protected":false},"featured_media":4588,"template":"","meta":{"_et_pb_use_builder":"","_et_pb_old_content":"","_et_gb_content_width":""},"product_brand":[],"product_cat":[73,57,86],"product_tag":[],"class_list":{"0":"post-4589","1":"product","2":"type-product","3":"status-publish","4":"has-post-thumbnail","6":"product_cat-exterior-es","7":"product_cat-muebles","8":"product_cat-set-de-muebles","9":"product_shipping_class-set-de-muebles","11":"first","12":"instock","13":"taxable","14":"shipping-taxable","15":"purchasable","16":"product-type-simple"},"_links":{"self":[{"href":"https:\/\/dcid-design.com\/es\/wp-json\/wp\/v2\/product\/4589","targetHints":{"allow":["GET"]}}],"collection":[{"href":"https:\/\/dcid-design.com\/es\/wp-json\/wp\/v2\/product"}],"about":[{"href":"https:\/\/dcid-design.com\/es\/wp-json\/wp\/v2\/types\/product"}],"wp:featuredmedia":[{"embeddable":true,"href":"https:\/\/dcid-design.com\/es\/wp-json\/wp\/v2\/media\/4588"}],"wp:attachment":[{"href":"https:\/\/dcid-design.com\/es\/wp-json\/wp\/v2\/media?parent=4589"}],"wp:term":[{"taxonomy":"product_brand","embeddable":true,"href":"https:\/\/dcid-design.com\/es\/wp-json\/wp\/v2\/product_brand?post=4589"},{"taxonomy":"product_cat","embeddable":true,"href":"https:\/\/dcid-design.com\/es\/wp-json\/wp\/v2\/product_cat?post=4589"},{"taxonomy":"product_tag","embeddable":true,"href":"https:\/\/dcid-design.com\/es\/wp-json\/wp\/v2\/product_tag?post=4589"}],"curies":[{"name":"wp","href":"https:\/\/api.w.org\/{rel}","templated":true}]}}