{"id":4584,"date":"2025-06-30T15:21:03","date_gmt":"2025-06-30T13:21:03","guid":{"rendered":"https:\/\/dcid-design.com\/producto\/mesilla-de-noche\/"},"modified":"2025-06-30T15:21:03","modified_gmt":"2025-06-30T13:21:03","slug":"mesilla-de-noche","status":"publish","type":"product","link":"https:\/\/dcid-design.com\/es\/producto\/mesilla-de-noche\/","title":{"rendered":"Mesilla de noche"},"content":{"rendered":"<p>Mesilla de noche con estructura de madera maciza en acabado roble, provista de un pr\u00e1ctico caj\u00f3n para almacenaje. La superficie superior es de cristal templado, lo que a\u00f1ade un toque elegante y moderno a la vez que proporciona durabilidad y f\u00e1cil mantenimiento. Una pieza funcional y con estilo para cualquier dormitorio.  <\/p>\n","protected":false},"excerpt":{"rendered":"<p>Mesilla de noche con estructura de madera maciza en acabado roble, provista de un pr\u00e1ctico caj\u00f3n para almacenaje. La superficie superior es de cristal templado, lo que a\u00f1ade un toque elegante y moderno a la vez que proporciona durabilidad y f\u00e1cil mantenimiento. Una pieza funcional y con estilo para cualquier dormitorio.<\/p>\n","protected":false},"featured_media":4582,"template":"","meta":{"_et_pb_use_builder":"","_et_pb_old_content":"","_et_gb_content_width":""},"product_brand":[],"product_cat":[67,57],"product_tag":[],"class_list":{"0":"post-4584","1":"product","2":"type-product","3":"status-publish","4":"has-post-thumbnail","6":"product_cat-dormitorio","7":"product_cat-muebles","9":"first","10":"instock","11":"taxable","12":"shipping-taxable","13":"purchasable","14":"product-type-simple"},"_links":{"self":[{"href":"https:\/\/dcid-design.com\/es\/wp-json\/wp\/v2\/product\/4584","targetHints":{"allow":["GET"]}}],"collection":[{"href":"https:\/\/dcid-design.com\/es\/wp-json\/wp\/v2\/product"}],"about":[{"href":"https:\/\/dcid-design.com\/es\/wp-json\/wp\/v2\/types\/product"}],"wp:featuredmedia":[{"embeddable":true,"href":"https:\/\/dcid-design.com\/es\/wp-json\/wp\/v2\/media\/4582"}],"wp:attachment":[{"href":"https:\/\/dcid-design.com\/es\/wp-json\/wp\/v2\/media?parent=4584"}],"wp:term":[{"taxonomy":"product_brand","embeddable":true,"href":"https:\/\/dcid-design.com\/es\/wp-json\/wp\/v2\/product_brand?post=4584"},{"taxonomy":"product_cat","embeddable":true,"href":"https:\/\/dcid-design.com\/es\/wp-json\/wp\/v2\/product_cat?post=4584"},{"taxonomy":"product_tag","embeddable":true,"href":"https:\/\/dcid-design.com\/es\/wp-json\/wp\/v2\/product_tag?post=4584"}],"curies":[{"name":"wp","href":"https:\/\/api.w.org\/{rel}","templated":true}]}}