{"id":4566,"date":"2025-06-30T12:24:09","date_gmt":"2025-06-30T10:24:09","guid":{"rendered":"https:\/\/dcid-design.com\/producto\/sofa-de-ratan-para-exterior\/"},"modified":"2025-06-30T12:24:09","modified_gmt":"2025-06-30T12:24:09","slug":"sofa-de-ratan-para-exterior","status":"publish","type":"product","link":"https:\/\/dcid-design.com\/es\/producto\/sofa-de-ratan-para-exterior\/","title":{"rendered":"Sof\u00e1 de rat\u00e1n para exterior"},"content":{"rendered":"<p>Sof\u00e1 de exterior fabricado con rat\u00e1n sint\u00e9tico y estructura de metal negro. Dise\u00f1ado para combinarse perfectamente con el sill\u00f3n a juego de nuestra colecci\u00f3n. Certificado para su uso como mobiliario de jard\u00edn\/patio.   <\/p>\n","protected":false},"excerpt":{"rendered":"<p>Sof\u00e1 de exterior fabricado con rat\u00e1n sint\u00e9tico y estructura de metal negro. Dise\u00f1ado para combinarse perfectamente con el sill\u00f3n a juego de nuestra colecci\u00f3n. Certificado para su uso como mobiliario de jard\u00edn\/patio.<\/p>\n","protected":false},"featured_media":4561,"template":"","meta":{"_et_pb_use_builder":"","_et_pb_old_content":"","_et_gb_content_width":""},"product_brand":[],"product_cat":[73,57],"product_tag":[],"class_list":{"0":"post-4566","1":"product","2":"type-product","3":"status-publish","4":"has-post-thumbnail","6":"product_cat-exterior-es","7":"product_cat-muebles","9":"first","10":"instock","11":"taxable","12":"shipping-taxable","13":"purchasable","14":"product-type-simple"},"_links":{"self":[{"href":"https:\/\/dcid-design.com\/es\/wp-json\/wp\/v2\/product\/4566","targetHints":{"allow":["GET"]}}],"collection":[{"href":"https:\/\/dcid-design.com\/es\/wp-json\/wp\/v2\/product"}],"about":[{"href":"https:\/\/dcid-design.com\/es\/wp-json\/wp\/v2\/types\/product"}],"wp:featuredmedia":[{"embeddable":true,"href":"https:\/\/dcid-design.com\/es\/wp-json\/wp\/v2\/media\/4561"}],"wp:attachment":[{"href":"https:\/\/dcid-design.com\/es\/wp-json\/wp\/v2\/media?parent=4566"}],"wp:term":[{"taxonomy":"product_brand","embeddable":true,"href":"https:\/\/dcid-design.com\/es\/wp-json\/wp\/v2\/product_brand?post=4566"},{"taxonomy":"product_cat","embeddable":true,"href":"https:\/\/dcid-design.com\/es\/wp-json\/wp\/v2\/product_cat?post=4566"},{"taxonomy":"product_tag","embeddable":true,"href":"https:\/\/dcid-design.com\/es\/wp-json\/wp\/v2\/product_tag?post=4566"}],"curies":[{"name":"wp","href":"https:\/\/api.w.org\/{rel}","templated":true}]}}