{"id":4556,"date":"2025-06-30T10:55:26","date_gmt":"2025-06-30T08:55:26","guid":{"rendered":"https:\/\/dcid-design.com\/producto\/mesa-de-centro-de-exterior\/"},"modified":"2025-06-30T10:55:26","modified_gmt":"2025-06-30T10:55:26","slug":"mesa-de-centro-de-exterior","status":"publish","type":"product","link":"https:\/\/dcid-design.com\/es\/producto\/mesa-de-centro-de-exterior\/","title":{"rendered":"Mesa de centro de exterior"},"content":{"rendered":"<p>Mesa de centro redonda para exterior fabricada en rat\u00e1n sint\u00e9tico, ideal para espacios de relax en su jard\u00edn o patio trasero. Presenta un acabado natural y un tablero de cristal. <\/p>\n","protected":false},"excerpt":{"rendered":"<p>Mesa de centro redonda para exterior fabricada en rat\u00e1n sint\u00e9tico, ideal para espacios de relax en su jard\u00edn o patio trasero. Presenta un acabado natural y un tablero de cristal.<\/p>\n","protected":false},"featured_media":4555,"template":"","meta":{"_et_pb_use_builder":"","_et_pb_old_content":"","_et_gb_content_width":""},"product_brand":[],"product_cat":[73,57],"product_tag":[],"class_list":{"0":"post-4556","1":"product","2":"type-product","3":"status-publish","4":"has-post-thumbnail","6":"product_cat-exterior-es","7":"product_cat-muebles","9":"first","10":"instock","11":"taxable","12":"shipping-taxable","13":"purchasable","14":"product-type-simple"},"_links":{"self":[{"href":"https:\/\/dcid-design.com\/es\/wp-json\/wp\/v2\/product\/4556","targetHints":{"allow":["GET"]}}],"collection":[{"href":"https:\/\/dcid-design.com\/es\/wp-json\/wp\/v2\/product"}],"about":[{"href":"https:\/\/dcid-design.com\/es\/wp-json\/wp\/v2\/types\/product"}],"wp:featuredmedia":[{"embeddable":true,"href":"https:\/\/dcid-design.com\/es\/wp-json\/wp\/v2\/media\/4555"}],"wp:attachment":[{"href":"https:\/\/dcid-design.com\/es\/wp-json\/wp\/v2\/media?parent=4556"}],"wp:term":[{"taxonomy":"product_brand","embeddable":true,"href":"https:\/\/dcid-design.com\/es\/wp-json\/wp\/v2\/product_brand?post=4556"},{"taxonomy":"product_cat","embeddable":true,"href":"https:\/\/dcid-design.com\/es\/wp-json\/wp\/v2\/product_cat?post=4556"},{"taxonomy":"product_tag","embeddable":true,"href":"https:\/\/dcid-design.com\/es\/wp-json\/wp\/v2\/product_tag?post=4556"}],"curies":[{"name":"wp","href":"https:\/\/api.w.org\/{rel}","templated":true}]}}