{"id":4269,"date":"2025-01-03T16:35:35","date_gmt":"2025-01-03T16:35:35","guid":{"rendered":"https:\/\/dcid-design.com\/producto\/portavelas-tristy\/"},"modified":"2025-01-03T16:35:35","modified_gmt":"2025-01-03T16:35:35","slug":"portavelas-tristy","status":"publish","type":"product","link":"https:\/\/dcid-design.com\/es\/producto\/portavelas-tristy\/","title":{"rendered":"Portavelas Tristy"},"content":{"rendered":"<p>Las velas son sin\u00f3nimo de experiencias acogedoras, especialmente por la noche. Con esta famosa l\u00e1mpara de ara\u00f1a de House Doctor, puedes iluminar tu hogar y crear el ambiente perfecto para una velada acogedora y festiva con amigos. La l\u00e1mpara se llama &#8220;Tristy&#8221; y est\u00e1 hecha de aluminio con un acabado de lat\u00f3n brillante. &#8220;Tristy&#8221; tiene un aspecto r\u00fastico y antiguo, debido a su acabado en bronce. La l\u00e1mpara es un elemento escultural que ser\u00e1 perfecto para decorar el hogar. Col\u00f3cala en una mesa auxiliar peque\u00f1a y ver\u00e1s c\u00f3mo llama la atenci\u00f3n. Tiene capacidad para velas de 2 cm de di\u00e1metro.      <\/p>\n","protected":false},"excerpt":{"rendered":"<p>Fabricado en aluminio con acabado en lat\u00f3n brillante.<\/p>\n","protected":false},"featured_media":4268,"template":"","meta":{"_et_pb_use_builder":"","_et_pb_old_content":"","_et_gb_content_width":""},"product_brand":[],"product_cat":[60,68,53,55],"product_tag":[],"class_list":{"0":"post-4269","1":"product","2":"type-product","3":"status-publish","4":"has-post-thumbnail","6":"product_cat-coleccion-majestic","7":"product_cat-comedor","8":"product_cat-decoraciones","9":"product_cat-sala-de-estar","11":"first","12":"instock","13":"taxable","14":"shipping-taxable","15":"purchasable","16":"product-type-simple"},"_links":{"self":[{"href":"https:\/\/dcid-design.com\/es\/wp-json\/wp\/v2\/product\/4269","targetHints":{"allow":["GET"]}}],"collection":[{"href":"https:\/\/dcid-design.com\/es\/wp-json\/wp\/v2\/product"}],"about":[{"href":"https:\/\/dcid-design.com\/es\/wp-json\/wp\/v2\/types\/product"}],"wp:featuredmedia":[{"embeddable":true,"href":"https:\/\/dcid-design.com\/es\/wp-json\/wp\/v2\/media\/4268"}],"wp:attachment":[{"href":"https:\/\/dcid-design.com\/es\/wp-json\/wp\/v2\/media?parent=4269"}],"wp:term":[{"taxonomy":"product_brand","embeddable":true,"href":"https:\/\/dcid-design.com\/es\/wp-json\/wp\/v2\/product_brand?post=4269"},{"taxonomy":"product_cat","embeddable":true,"href":"https:\/\/dcid-design.com\/es\/wp-json\/wp\/v2\/product_cat?post=4269"},{"taxonomy":"product_tag","embeddable":true,"href":"https:\/\/dcid-design.com\/es\/wp-json\/wp\/v2\/product_tag?post=4269"}],"curies":[{"name":"wp","href":"https:\/\/api.w.org\/{rel}","templated":true}]}}