{"id":4259,"date":"2025-01-03T16:28:17","date_gmt":"2025-01-03T15:28:17","guid":{"rendered":"https:\/\/dcid-design.com\/producto\/candelabro-mist-grande\/"},"modified":"2025-01-03T16:28:17","modified_gmt":"2025-01-03T16:28:17","slug":"candelabro-mist-grande","status":"publish","type":"product","link":"https:\/\/dcid-design.com\/es\/producto\/candelabro-mist-grande\/","title":{"rendered":"Candelabro Mist grande"},"content":{"rendered":"<p>Si quieres crear un ambiente acogedor e \u00edntimo en tu sal\u00f3n, Mist de House Doctor funcionar\u00e1 como por arte de magia. Este candelabro alto tiene un dise\u00f1o redondo y atemporal con un vidrio pesado de calidad. Su superficie ha sido tratada para darle un aspecto helado que combina a la perfecci\u00f3n con su color marr\u00f3n y \u00e1mbar. Mist es perfecto para velas altas que arden durante horas e iluminan tu hogar cuando est\u00e1 oscuro afuera. Se ve impresionante en el alf\u00e9izar de la ventana, especialmente cuando lo combinas con la misma vela de tama\u00f1o peque\u00f1o.    <\/p>\n","protected":false},"excerpt":{"rendered":"<p>Candelabro de House Doctor con vidrio de calidad s\u00f3lida y aspecto esmerilado.<\/p>\n","protected":false},"featured_media":4252,"template":"","meta":{"_et_pb_use_builder":"","_et_pb_old_content":"","_et_gb_content_width":""},"product_brand":[],"product_cat":[56,72,59,68,53,67,55],"product_tag":[],"class_list":{"0":"post-4259","1":"product","2":"type-product","3":"status-publish","4":"has-post-thumbnail","6":"product_cat-accesorios-de-bano","7":"product_cat-bano","8":"product_cat-coleccion-elemental","9":"product_cat-comedor","10":"product_cat-decoraciones","11":"product_cat-dormitorio","12":"product_cat-sala-de-estar","14":"first","15":"instock","16":"taxable","17":"shipping-taxable","18":"purchasable","19":"product-type-simple"},"_links":{"self":[{"href":"https:\/\/dcid-design.com\/es\/wp-json\/wp\/v2\/product\/4259","targetHints":{"allow":["GET"]}}],"collection":[{"href":"https:\/\/dcid-design.com\/es\/wp-json\/wp\/v2\/product"}],"about":[{"href":"https:\/\/dcid-design.com\/es\/wp-json\/wp\/v2\/types\/product"}],"wp:featuredmedia":[{"embeddable":true,"href":"https:\/\/dcid-design.com\/es\/wp-json\/wp\/v2\/media\/4252"}],"wp:attachment":[{"href":"https:\/\/dcid-design.com\/es\/wp-json\/wp\/v2\/media?parent=4259"}],"wp:term":[{"taxonomy":"product_brand","embeddable":true,"href":"https:\/\/dcid-design.com\/es\/wp-json\/wp\/v2\/product_brand?post=4259"},{"taxonomy":"product_cat","embeddable":true,"href":"https:\/\/dcid-design.com\/es\/wp-json\/wp\/v2\/product_cat?post=4259"},{"taxonomy":"product_tag","embeddable":true,"href":"https:\/\/dcid-design.com\/es\/wp-json\/wp\/v2\/product_tag?post=4259"}],"curies":[{"name":"wp","href":"https:\/\/api.w.org\/{rel}","templated":true}]}}