{"id":4249,"date":"2025-01-03T16:21:21","date_gmt":"2025-01-03T15:21:21","guid":{"rendered":"https:\/\/dcid-design.com\/producto\/candelabro-mist-pequena\/"},"modified":"2025-01-03T16:21:21","modified_gmt":"2025-01-03T16:21:21","slug":"candelabro-mist-pequena","status":"publish","type":"product","link":"https:\/\/dcid-design.com\/es\/producto\/candelabro-mist-pequena\/","title":{"rendered":"Candelabro Mist peque\u00f1a"},"content":{"rendered":"<p>Mist de House Doctor es un candelabro dise\u00f1ado para adornar el alf\u00e9izar de la ventana o la mesa de caf\u00e9. Est\u00e1 hecho de vidrio s\u00f3lido y pesado de calidad y ha sido tratado para darle a la superficie un aspecto esmerilado. Este modelo le agrega un atractivo resistente al vidrio y luce genial con su forma redonda y simple. Es perfecto tanto para velas de t\u00e9 como para velas peque\u00f1as, y disfrutar\u00e1 de horas de hermosa iluminaci\u00f3n con \u00e9l. Combine Mist con el mismo candelabro de gran tama\u00f1o o cree una exhibici\u00f3n decorativa combin\u00e1ndolo con jarrones y cuencos en tonos \u00e1mbar o dorado.    <\/p>\n","protected":false},"excerpt":{"rendered":"<p>Candelabro de House Doctor con vidrio de calidad s\u00f3lida y aspecto esmerilado.<\/p>\n","protected":false},"featured_media":4242,"template":"","meta":{"_et_pb_use_builder":"","_et_pb_old_content":"","_et_gb_content_width":""},"product_brand":[],"product_cat":[56,72,59,68,53,67,55],"product_tag":[],"class_list":{"0":"post-4249","1":"product","2":"type-product","3":"status-publish","4":"has-post-thumbnail","6":"product_cat-accesorios-de-bano","7":"product_cat-bano","8":"product_cat-coleccion-elemental","9":"product_cat-comedor","10":"product_cat-decoraciones","11":"product_cat-dormitorio","12":"product_cat-sala-de-estar","14":"first","15":"instock","16":"taxable","17":"shipping-taxable","18":"purchasable","19":"product-type-simple"},"_links":{"self":[{"href":"https:\/\/dcid-design.com\/es\/wp-json\/wp\/v2\/product\/4249","targetHints":{"allow":["GET"]}}],"collection":[{"href":"https:\/\/dcid-design.com\/es\/wp-json\/wp\/v2\/product"}],"about":[{"href":"https:\/\/dcid-design.com\/es\/wp-json\/wp\/v2\/types\/product"}],"wp:featuredmedia":[{"embeddable":true,"href":"https:\/\/dcid-design.com\/es\/wp-json\/wp\/v2\/media\/4242"}],"wp:attachment":[{"href":"https:\/\/dcid-design.com\/es\/wp-json\/wp\/v2\/media?parent=4249"}],"wp:term":[{"taxonomy":"product_brand","embeddable":true,"href":"https:\/\/dcid-design.com\/es\/wp-json\/wp\/v2\/product_brand?post=4249"},{"taxonomy":"product_cat","embeddable":true,"href":"https:\/\/dcid-design.com\/es\/wp-json\/wp\/v2\/product_cat?post=4249"},{"taxonomy":"product_tag","embeddable":true,"href":"https:\/\/dcid-design.com\/es\/wp-json\/wp\/v2\/product_tag?post=4249"}],"curies":[{"name":"wp","href":"https:\/\/api.w.org\/{rel}","templated":true}]}}