{"id":4229,"date":"2025-01-03T16:05:43","date_gmt":"2025-01-03T15:05:43","guid":{"rendered":"https:\/\/dcid-design.com\/producto\/vela-aromatica-sandcastles-sunsets\/"},"modified":"2025-01-03T16:05:43","modified_gmt":"2025-01-03T16:05:43","slug":"vela-aromatica-sandcastles-sunsets","status":"publish","type":"product","link":"https:\/\/dcid-design.com\/es\/producto\/vela-aromatica-sandcastles-sunsets\/","title":{"rendered":"Vela arom\u00e1tica Sandcastles &amp; Sunsets"},"content":{"rendered":"<p>M\u00edmate con un ba\u00f1o relajante mientras disfrutas del ambiente que solo las velas perfumadas pueden crear. Esta vela grande de Meraki se llama Sandcastles &amp; Sunsets y viene con notas ambarinas, almizcladas y florales dulces. \u00dasala tambi\u00e9n en la sala de estar y disfruta de una velada acogedora. Con el vaso granate, la vela perfumada tambi\u00e9n es una parte natural de la decoraci\u00f3n de tu hogar. La vela tiene un tiempo de combusti\u00f3n de 35 horas.    <\/p>\n","protected":false},"excerpt":{"rendered":"<p>Vela perfumada grande de Meraki.<\/p>\n","protected":false},"featured_media":4222,"template":"","meta":{"_et_pb_use_builder":"","_et_pb_old_content":"","_et_gb_content_width":""},"product_brand":[],"product_cat":[56,72,53,67,55],"product_tag":[],"class_list":{"0":"post-4229","1":"product","2":"type-product","3":"status-publish","4":"has-post-thumbnail","6":"product_cat-accesorios-de-bano","7":"product_cat-bano","8":"product_cat-decoraciones","9":"product_cat-dormitorio","10":"product_cat-sala-de-estar","12":"first","13":"instock","14":"taxable","15":"shipping-taxable","16":"purchasable","17":"product-type-simple"},"_links":{"self":[{"href":"https:\/\/dcid-design.com\/es\/wp-json\/wp\/v2\/product\/4229","targetHints":{"allow":["GET"]}}],"collection":[{"href":"https:\/\/dcid-design.com\/es\/wp-json\/wp\/v2\/product"}],"about":[{"href":"https:\/\/dcid-design.com\/es\/wp-json\/wp\/v2\/types\/product"}],"wp:featuredmedia":[{"embeddable":true,"href":"https:\/\/dcid-design.com\/es\/wp-json\/wp\/v2\/media\/4222"}],"wp:attachment":[{"href":"https:\/\/dcid-design.com\/es\/wp-json\/wp\/v2\/media?parent=4229"}],"wp:term":[{"taxonomy":"product_brand","embeddable":true,"href":"https:\/\/dcid-design.com\/es\/wp-json\/wp\/v2\/product_brand?post=4229"},{"taxonomy":"product_cat","embeddable":true,"href":"https:\/\/dcid-design.com\/es\/wp-json\/wp\/v2\/product_cat?post=4229"},{"taxonomy":"product_tag","embeddable":true,"href":"https:\/\/dcid-design.com\/es\/wp-json\/wp\/v2\/product_tag?post=4229"}],"curies":[{"name":"wp","href":"https:\/\/api.w.org\/{rel}","templated":true}]}}