{"id":4219,"date":"2025-01-03T15:05:23","date_gmt":"2025-01-03T14:05:23","guid":{"rendered":"https:\/\/dcid-design.com\/producto\/vela-aromatica-scandinavian-garden\/"},"modified":"2026-02-02T23:32:33","modified_gmt":"2026-02-02T22:32:33","slug":"vela-aromatica-scandinavian-garden","status":"publish","type":"product","link":"https:\/\/dcid-design.com\/es\/producto\/vela-aromatica-scandinavian-garden\/","title":{"rendered":"Vela arom\u00e1tica Scandinavian Garden"},"content":{"rendered":"<p>La vela viene en un impresionante cristal oscuro que ofrece un hermoso contraste con el hogar moderno. La vela perfumada est\u00e1 hecha de aceite de soja y, por lo tanto, consume mucho menos que una vela normal. Enci\u00e9ndela y disfruta del maravilloso aroma que se esparce por toda tu casa. La vela tiene un tiempo de combusti\u00f3n de 35 horas.   <\/p>\n","protected":false},"excerpt":{"rendered":"<p>Scandinavian Garden es una hermosa vela perfumada de Meraki.<\/p>\n","protected":false},"featured_media":4212,"template":"","meta":{"_et_pb_use_builder":"","_et_pb_old_content":"","_et_gb_content_width":""},"product_brand":[],"product_cat":[56,72,53,67,55],"product_tag":[],"class_list":{"0":"post-4219","1":"product","2":"type-product","3":"status-publish","4":"has-post-thumbnail","6":"product_cat-accesorios-de-bano","7":"product_cat-bano","8":"product_cat-decoraciones","9":"product_cat-dormitorio","10":"product_cat-sala-de-estar","12":"first","13":"instock","14":"taxable","15":"shipping-taxable","16":"purchasable","17":"product-type-simple"},"_links":{"self":[{"href":"https:\/\/dcid-design.com\/es\/wp-json\/wp\/v2\/product\/4219","targetHints":{"allow":["GET"]}}],"collection":[{"href":"https:\/\/dcid-design.com\/es\/wp-json\/wp\/v2\/product"}],"about":[{"href":"https:\/\/dcid-design.com\/es\/wp-json\/wp\/v2\/types\/product"}],"wp:featuredmedia":[{"embeddable":true,"href":"https:\/\/dcid-design.com\/es\/wp-json\/wp\/v2\/media\/4212"}],"wp:attachment":[{"href":"https:\/\/dcid-design.com\/es\/wp-json\/wp\/v2\/media?parent=4219"}],"wp:term":[{"taxonomy":"product_brand","embeddable":true,"href":"https:\/\/dcid-design.com\/es\/wp-json\/wp\/v2\/product_brand?post=4219"},{"taxonomy":"product_cat","embeddable":true,"href":"https:\/\/dcid-design.com\/es\/wp-json\/wp\/v2\/product_cat?post=4219"},{"taxonomy":"product_tag","embeddable":true,"href":"https:\/\/dcid-design.com\/es\/wp-json\/wp\/v2\/product_tag?post=4219"}],"curies":[{"name":"wp","href":"https:\/\/api.w.org\/{rel}","templated":true}]}}