{"id":4205,"date":"2025-01-03T14:33:59","date_gmt":"2025-01-03T13:33:59","guid":{"rendered":"https:\/\/dcid-design.com\/producto\/vela-aromatica-sandalwood-jasmine\/"},"modified":"2025-01-03T14:44:49","modified_gmt":"2025-01-03T14:44:49","slug":"vela-aromatica-sandalwood-jasmine","status":"publish","type":"product","link":"https:\/\/dcid-design.com\/es\/producto\/vela-aromatica-sandalwood-jasmine\/","title":{"rendered":"Vela arom\u00e1tica Sandalwood &amp; Jasmine"},"content":{"rendered":"<p>La vela Sandalwood &amp; Jasmine es una vela perfumada maravillosa con un aroma refrescante. La vela est\u00e1 hecha de aceite de soja y le brinda una luz limpia que consume mucho menos que una vela normal. La vela tiene una altura de 10,5 cm y un tiempo de combusti\u00f3n de hasta 35 horas. Rel\u00e1jese y disfrute del maravilloso aroma que se esparcir\u00e1 por toda su casa.   <\/p>\n","protected":false},"excerpt":{"rendered":"<p>Vela arom\u00e1tica con aroma refrescante.<\/p>\n","protected":false},"featured_media":4209,"template":"","meta":{"_et_pb_use_builder":"","_et_pb_old_content":"","_et_gb_content_width":""},"product_brand":[],"product_cat":[56,72,53,67,55,62],"product_tag":[],"class_list":{"0":"post-4205","1":"product","2":"type-product","3":"status-publish","4":"has-post-thumbnail","6":"product_cat-accesorios-de-bano","7":"product_cat-bano","8":"product_cat-decoraciones","9":"product_cat-dormitorio","10":"product_cat-sala-de-estar","11":"product_cat-sin-categoria","13":"first","14":"instock","15":"taxable","16":"shipping-taxable","17":"purchasable","18":"product-type-simple"},"_links":{"self":[{"href":"https:\/\/dcid-design.com\/es\/wp-json\/wp\/v2\/product\/4205","targetHints":{"allow":["GET"]}}],"collection":[{"href":"https:\/\/dcid-design.com\/es\/wp-json\/wp\/v2\/product"}],"about":[{"href":"https:\/\/dcid-design.com\/es\/wp-json\/wp\/v2\/types\/product"}],"wp:featuredmedia":[{"embeddable":true,"href":"https:\/\/dcid-design.com\/es\/wp-json\/wp\/v2\/media\/4209"}],"wp:attachment":[{"href":"https:\/\/dcid-design.com\/es\/wp-json\/wp\/v2\/media?parent=4205"}],"wp:term":[{"taxonomy":"product_brand","embeddable":true,"href":"https:\/\/dcid-design.com\/es\/wp-json\/wp\/v2\/product_brand?post=4205"},{"taxonomy":"product_cat","embeddable":true,"href":"https:\/\/dcid-design.com\/es\/wp-json\/wp\/v2\/product_cat?post=4205"},{"taxonomy":"product_tag","embeddable":true,"href":"https:\/\/dcid-design.com\/es\/wp-json\/wp\/v2\/product_tag?post=4205"}],"curies":[{"name":"wp","href":"https:\/\/api.w.org\/{rel}","templated":true}]}}