{"id":4191,"date":"2025-01-03T14:08:10","date_gmt":"2025-01-03T13:08:10","guid":{"rendered":"https:\/\/dcid-design.com\/producto\/locion-para-manos-northern-dawn\/"},"modified":"2025-01-03T14:08:10","modified_gmt":"2025-01-03T14:08:10","slug":"locion-para-manos-northern-dawn","status":"publish","type":"product","link":"https:\/\/dcid-design.com\/es\/producto\/locion-para-manos-northern-dawn\/","title":{"rendered":"Loci\u00f3n para manos, Northern dawn"},"content":{"rendered":"<p>Meraki Northern Dawn suaviza, nutre e hidrata sin dejar sensaci\u00f3n grasosa. El aceite de almendras y la manteca de cacao, ambos org\u00e1nicos, suavizan las manos y las dejan bien hidratadas. Certificado org\u00e1nico por ECOCERT Cosmos. \u00daselo despu\u00e9s del lavado de manos o cuando se requiera un cuidado y atenci\u00f3n especiales. Adecuado para uso diario y para todo tipo de pieles. Matices: naranja fresca, madera de cedro y bals\u00e1mico dulce.    <\/p>\n","protected":false},"excerpt":{"rendered":"<p>Loci\u00f3n de manos para uso diario.<\/p>\n","protected":false},"featured_media":4190,"template":"","meta":{"_et_pb_use_builder":"","_et_pb_old_content":"","_et_gb_content_width":""},"product_brand":[],"product_cat":[56,72],"product_tag":[],"class_list":{"0":"post-4191","1":"product","2":"type-product","3":"status-publish","4":"has-post-thumbnail","6":"product_cat-accesorios-de-bano","7":"product_cat-bano","9":"first","10":"instock","11":"taxable","12":"shipping-taxable","13":"purchasable","14":"product-type-simple"},"_links":{"self":[{"href":"https:\/\/dcid-design.com\/es\/wp-json\/wp\/v2\/product\/4191","targetHints":{"allow":["GET"]}}],"collection":[{"href":"https:\/\/dcid-design.com\/es\/wp-json\/wp\/v2\/product"}],"about":[{"href":"https:\/\/dcid-design.com\/es\/wp-json\/wp\/v2\/types\/product"}],"wp:featuredmedia":[{"embeddable":true,"href":"https:\/\/dcid-design.com\/es\/wp-json\/wp\/v2\/media\/4190"}],"wp:attachment":[{"href":"https:\/\/dcid-design.com\/es\/wp-json\/wp\/v2\/media?parent=4191"}],"wp:term":[{"taxonomy":"product_brand","embeddable":true,"href":"https:\/\/dcid-design.com\/es\/wp-json\/wp\/v2\/product_brand?post=4191"},{"taxonomy":"product_cat","embeddable":true,"href":"https:\/\/dcid-design.com\/es\/wp-json\/wp\/v2\/product_cat?post=4191"},{"taxonomy":"product_tag","embeddable":true,"href":"https:\/\/dcid-design.com\/es\/wp-json\/wp\/v2\/product_tag?post=4191"}],"curies":[{"name":"wp","href":"https:\/\/api.w.org\/{rel}","templated":true}]}}