{"id":4185,"date":"2025-01-03T13:57:51","date_gmt":"2025-01-03T12:57:51","guid":{"rendered":"https:\/\/dcid-design.com\/producto\/locion-para-manos-silky-mist\/"},"modified":"2025-01-03T13:57:51","modified_gmt":"2025-01-03T13:57:51","slug":"locion-para-manos-silky-mist","status":"publish","type":"product","link":"https:\/\/dcid-design.com\/es\/producto\/locion-para-manos-silky-mist\/","title":{"rendered":"Loci\u00f3n para manos Silky mist"},"content":{"rendered":"<p>Silky Mist de Meraki nutre, hidrata y suaviza tus manos con aloe vera org\u00e1nico y aceite de jojoba, que aportan hidrataci\u00f3n, evitan que la piel se seque y tienen propiedades para el cuidado de la piel. Adem\u00e1s, se le ha a\u00f1adido manteca de cacao por su efecto nutritivo. Certificado org\u00e1nico por ECOCERT Cosmos.<br \/>\nMatices: c\u00edtricos blancos y flor de lim\u00f3n con un ligero dulzor. Util\u00edzalo despu\u00e9s del lavado de manos o siempre que se requiera un cuidado y atenci\u00f3n especial. Apto para uso diario y para todo tipo de pieles.  <\/p>\n","protected":false},"excerpt":{"rendered":"<p>Una loci\u00f3n de manos para uso diario.<\/p>\n","protected":false},"featured_media":4182,"template":"","meta":{"_et_pb_use_builder":"","_et_pb_old_content":"","_et_gb_content_width":""},"product_brand":[],"product_cat":[56,72],"product_tag":[],"class_list":{"0":"post-4185","1":"product","2":"type-product","3":"status-publish","4":"has-post-thumbnail","6":"product_cat-accesorios-de-bano","7":"product_cat-bano","9":"first","10":"instock","11":"taxable","12":"shipping-taxable","13":"purchasable","14":"product-type-simple"},"_links":{"self":[{"href":"https:\/\/dcid-design.com\/es\/wp-json\/wp\/v2\/product\/4185","targetHints":{"allow":["GET"]}}],"collection":[{"href":"https:\/\/dcid-design.com\/es\/wp-json\/wp\/v2\/product"}],"about":[{"href":"https:\/\/dcid-design.com\/es\/wp-json\/wp\/v2\/types\/product"}],"wp:featuredmedia":[{"embeddable":true,"href":"https:\/\/dcid-design.com\/es\/wp-json\/wp\/v2\/media\/4182"}],"wp:attachment":[{"href":"https:\/\/dcid-design.com\/es\/wp-json\/wp\/v2\/media?parent=4185"}],"wp:term":[{"taxonomy":"product_brand","embeddable":true,"href":"https:\/\/dcid-design.com\/es\/wp-json\/wp\/v2\/product_brand?post=4185"},{"taxonomy":"product_cat","embeddable":true,"href":"https:\/\/dcid-design.com\/es\/wp-json\/wp\/v2\/product_cat?post=4185"},{"taxonomy":"product_tag","embeddable":true,"href":"https:\/\/dcid-design.com\/es\/wp-json\/wp\/v2\/product_tag?post=4185"}],"curies":[{"name":"wp","href":"https:\/\/api.w.org\/{rel}","templated":true}]}}