{"id":4157,"date":"2025-01-03T12:35:18","date_gmt":"2025-01-03T11:35:18","guid":{"rendered":"https:\/\/dcid-design.com\/?post_type=product&#038;p=4157"},"modified":"2025-01-03T13:35:31","modified_gmt":"2025-01-03T13:35:31","slug":"jabon-de-manos-naranja-calida-momento-de-invierno-copy","status":"publish","type":"product","link":"https:\/\/dcid-design.com\/es\/producto\/jabon-de-manos-naranja-calida-momento-de-invierno-copy\/","title":{"rendered":"Suero de manos"},"content":{"rendered":"<p>Cuando tus manos necesitan un cuidado extra, este s\u00e9rum en gel para manos de Meraki viene al rescate. Dile adi\u00f3s a la piel seca y \u00e1spera con esta f\u00f3rmula suave y sedosa que contiene vitamina F, con ingredientes suavizantes como manteca de karit\u00e9, beta\u00edna y aceite de oliva. El extracto de pepino tiene un efecto calmante sobre la piel con picor y el \u00e1cido hialur\u00f3nico minimiza las arrugas para dejar la tez m\u00e1s suave, tersa y flexible. El s\u00e9rum refrescante te ayuda a mantener el equilibrio de hidrataci\u00f3n de tu piel para unas manos bien cuidadas con un brillo saludable. Producto org\u00e1nico certificado por Ecocert, aprobado en Cosmos Standard. Masajea el s\u00e9rum en tus manos para que la sangre circule. Aplica una capa gruesa y d\u00e9jalo actuar durante la noche para que los ingredientes activos sean bien absorbidos por la piel. No enjuagues. Termina la rutina con una loci\u00f3n o crema para manos.<\/p>\n","protected":false},"excerpt":{"rendered":"<p>Suero de manos<\/p>\n","protected":false},"featured_media":4163,"template":"","meta":{"_et_pb_use_builder":"","_et_pb_old_content":"Cuando tus manos necesitan un cuidado extra, este s\u00e9rum en gel para manos de Meraki viene al rescate. Dile adi\u00f3s a la piel seca y \u00e1spera con esta f\u00f3rmula suave y sedosa que contiene vitamina F, con ingredientes suavizantes como manteca de karit\u00e9, beta\u00edna y aceite de oliva. El extracto de pepino tiene un efecto calmante sobre la piel con picor y el \u00e1cido hialur\u00f3nico minimiza las arrugas para dejar la tez m\u00e1s suave, tersa y flexible. El s\u00e9rum refrescante te ayuda a mantener el equilibrio de hidrataci\u00f3n de tu piel para unas manos bien cuidadas con un brillo saludable. Producto org\u00e1nico certificado por Ecocert, aprobado en Cosmos Standard. Masajea el s\u00e9rum en tus manos para que la sangre circule. Aplica una capa gruesa y d\u00e9jalo actuar durante la noche para que los ingredientes activos sean bien absorbidos por la piel. No enjuagues. Termina la rutina con una loci\u00f3n o crema para manos.","_et_gb_content_width":""},"product_brand":[],"product_cat":[56,72],"product_tag":[],"class_list":{"0":"post-4157","1":"product","2":"type-product","3":"status-publish","4":"has-post-thumbnail","6":"product_cat-accesorios-de-bano","7":"product_cat-bano","9":"first","10":"instock","11":"taxable","12":"shipping-taxable","13":"purchasable","14":"product-type-simple"},"_links":{"self":[{"href":"https:\/\/dcid-design.com\/es\/wp-json\/wp\/v2\/product\/4157","targetHints":{"allow":["GET"]}}],"collection":[{"href":"https:\/\/dcid-design.com\/es\/wp-json\/wp\/v2\/product"}],"about":[{"href":"https:\/\/dcid-design.com\/es\/wp-json\/wp\/v2\/types\/product"}],"wp:featuredmedia":[{"embeddable":true,"href":"https:\/\/dcid-design.com\/es\/wp-json\/wp\/v2\/media\/4163"}],"wp:attachment":[{"href":"https:\/\/dcid-design.com\/es\/wp-json\/wp\/v2\/media?parent=4157"}],"wp:term":[{"taxonomy":"product_brand","embeddable":true,"href":"https:\/\/dcid-design.com\/es\/wp-json\/wp\/v2\/product_brand?post=4157"},{"taxonomy":"product_cat","embeddable":true,"href":"https:\/\/dcid-design.com\/es\/wp-json\/wp\/v2\/product_cat?post=4157"},{"taxonomy":"product_tag","embeddable":true,"href":"https:\/\/dcid-design.com\/es\/wp-json\/wp\/v2\/product_tag?post=4157"}],"curies":[{"name":"wp","href":"https:\/\/api.w.org\/{rel}","templated":true}]}}