{"id":2308,"date":"2024-01-30T17:37:01","date_gmt":"2024-01-30T17:37:01","guid":{"rendered":"https:\/\/dcid-design.com\/producto\/lampara-de-mesa-4\/"},"modified":"2024-01-30T17:37:01","modified_gmt":"2024-01-30T17:37:01","slug":"lampara-de-mesa-4","status":"publish","type":"product","link":"https:\/\/dcid-design.com\/es\/producto\/lampara-de-mesa-4\/","title":{"rendered":"L\u00e1mpara de mesa"},"content":{"rendered":"<p>L\u00e1mpara de sobremesa, color negro, estilo art dec\u00f3. Made of iron, combined with stone. Hecho a mano artesanalmente. Las diferencias de tonalidades, tonos o ciertas imperfecciones (nudos, marcas, grietas) se consideran un valor a\u00f1adido que hace que esta pieza sea \u00fanica.<\/p>\n","protected":false},"excerpt":{"rendered":"<p>L\u00e1mpara de sobremesa, color negro, estilo art dec\u00f3. De hierro, combinado con piedra. Hecho a mano artesanalmente.<\/p>\n","protected":false},"featured_media":1804,"template":"","meta":{"_et_pb_use_builder":"","_et_pb_old_content":"","_et_gb_content_width":""},"product_brand":[],"product_cat":[59,67,71],"product_tag":[],"class_list":{"0":"post-2308","1":"product","2":"type-product","3":"status-publish","4":"has-post-thumbnail","6":"product_cat-coleccion-elemental","7":"product_cat-dormitorio","8":"product_cat-iluminacion","10":"first","11":"instock","12":"taxable","13":"shipping-taxable","14":"purchasable","15":"product-type-simple"},"_links":{"self":[{"href":"https:\/\/dcid-design.com\/es\/wp-json\/wp\/v2\/product\/2308","targetHints":{"allow":["GET"]}}],"collection":[{"href":"https:\/\/dcid-design.com\/es\/wp-json\/wp\/v2\/product"}],"about":[{"href":"https:\/\/dcid-design.com\/es\/wp-json\/wp\/v2\/types\/product"}],"wp:featuredmedia":[{"embeddable":true,"href":"https:\/\/dcid-design.com\/es\/wp-json\/wp\/v2\/media\/1804"}],"wp:attachment":[{"href":"https:\/\/dcid-design.com\/es\/wp-json\/wp\/v2\/media?parent=2308"}],"wp:term":[{"taxonomy":"product_brand","embeddable":true,"href":"https:\/\/dcid-design.com\/es\/wp-json\/wp\/v2\/product_brand?post=2308"},{"taxonomy":"product_cat","embeddable":true,"href":"https:\/\/dcid-design.com\/es\/wp-json\/wp\/v2\/product_cat?post=2308"},{"taxonomy":"product_tag","embeddable":true,"href":"https:\/\/dcid-design.com\/es\/wp-json\/wp\/v2\/product_tag?post=2308"}],"curies":[{"name":"wp","href":"https:\/\/api.w.org\/{rel}","templated":true}]}}