{"id":2307,"date":"2024-01-30T17:37:01","date_gmt":"2024-01-30T17:37:01","guid":{"rendered":"https:\/\/dcid-design.com\/producto\/portavelas-5\/"},"modified":"2024-01-30T17:37:01","modified_gmt":"2024-01-30T17:37:01","slug":"portavelas-5","status":"publish","type":"product","link":"https:\/\/dcid-design.com\/es\/producto\/portavelas-5\/","title":{"rendered":"Portavelas"},"content":{"rendered":"<p>Portavelas Ghiare, color negro\/natural, estilo contempor\u00e1neo. De bamb\u00fa, combinado con rat\u00e1n y cristal.<\/p>\n","protected":false},"excerpt":{"rendered":"<p>Portavelas Ghiare, color negro\/natural, estilo contempor\u00e1neo.<\/p>\n","protected":false},"featured_media":1846,"template":"","meta":{"_et_pb_use_builder":"","_et_pb_old_content":"","_et_gb_content_width":""},"product_brand":[],"product_cat":[60,53,73,71,62],"product_tag":[],"class_list":{"0":"post-2307","1":"product","2":"type-product","3":"status-publish","4":"has-post-thumbnail","6":"product_cat-coleccion-majestic","7":"product_cat-decoraciones","8":"product_cat-exterior-es","9":"product_cat-iluminacion","10":"product_cat-sin-categoria","12":"first","13":"instock","14":"taxable","15":"shipping-taxable","16":"purchasable","17":"product-type-simple"},"_links":{"self":[{"href":"https:\/\/dcid-design.com\/es\/wp-json\/wp\/v2\/product\/2307","targetHints":{"allow":["GET"]}}],"collection":[{"href":"https:\/\/dcid-design.com\/es\/wp-json\/wp\/v2\/product"}],"about":[{"href":"https:\/\/dcid-design.com\/es\/wp-json\/wp\/v2\/types\/product"}],"wp:featuredmedia":[{"embeddable":true,"href":"https:\/\/dcid-design.com\/es\/wp-json\/wp\/v2\/media\/1846"}],"wp:attachment":[{"href":"https:\/\/dcid-design.com\/es\/wp-json\/wp\/v2\/media?parent=2307"}],"wp:term":[{"taxonomy":"product_brand","embeddable":true,"href":"https:\/\/dcid-design.com\/es\/wp-json\/wp\/v2\/product_brand?post=2307"},{"taxonomy":"product_cat","embeddable":true,"href":"https:\/\/dcid-design.com\/es\/wp-json\/wp\/v2\/product_cat?post=2307"},{"taxonomy":"product_tag","embeddable":true,"href":"https:\/\/dcid-design.com\/es\/wp-json\/wp\/v2\/product_tag?post=2307"}],"curies":[{"name":"wp","href":"https:\/\/api.w.org\/{rel}","templated":true}]}}