{"id":2291,"date":"2024-01-30T17:37:01","date_gmt":"2024-01-30T16:37:01","guid":{"rendered":"https:\/\/dcid-design.com\/producto\/lampara-de-mesa\/"},"modified":"2024-03-15T07:35:41","modified_gmt":"2024-03-15T07:35:41","slug":"lampara-de-mesa","status":"publish","type":"product","link":"https:\/\/dcid-design.com\/es\/producto\/lampara-de-mesa\/","title":{"rendered":"L\u00e1mpara de mesa"},"content":{"rendered":"<p>L\u00e1mpara de mesa, color dorado, estilo art dec\u00f3. De lat\u00f3n, combinado con cristal. Producto desmontable.<\/p>\n","protected":false},"excerpt":{"rendered":"<p>L\u00e1mpara de mesa, color dorado, estilo art dec\u00f3. De lat\u00f3n, combinado con cristal.<\/p>\n","protected":false},"featured_media":1810,"template":"","meta":{"_et_pb_use_builder":"","_et_pb_old_content":"","_et_gb_content_width":""},"product_brand":[],"product_cat":[59,60,67,71,55],"product_tag":[],"class_list":{"0":"post-2291","1":"product","2":"type-product","3":"status-publish","4":"has-post-thumbnail","6":"product_cat-coleccion-elemental","7":"product_cat-coleccion-majestic","8":"product_cat-dormitorio","9":"product_cat-iluminacion","10":"product_cat-sala-de-estar","12":"first","13":"outofstock","14":"taxable","15":"shipping-taxable","16":"purchasable","17":"product-type-simple"},"_links":{"self":[{"href":"https:\/\/dcid-design.com\/es\/wp-json\/wp\/v2\/product\/2291","targetHints":{"allow":["GET"]}}],"collection":[{"href":"https:\/\/dcid-design.com\/es\/wp-json\/wp\/v2\/product"}],"about":[{"href":"https:\/\/dcid-design.com\/es\/wp-json\/wp\/v2\/types\/product"}],"wp:featuredmedia":[{"embeddable":true,"href":"https:\/\/dcid-design.com\/es\/wp-json\/wp\/v2\/media\/1810"}],"wp:attachment":[{"href":"https:\/\/dcid-design.com\/es\/wp-json\/wp\/v2\/media?parent=2291"}],"wp:term":[{"taxonomy":"product_brand","embeddable":true,"href":"https:\/\/dcid-design.com\/es\/wp-json\/wp\/v2\/product_brand?post=2291"},{"taxonomy":"product_cat","embeddable":true,"href":"https:\/\/dcid-design.com\/es\/wp-json\/wp\/v2\/product_cat?post=2291"},{"taxonomy":"product_tag","embeddable":true,"href":"https:\/\/dcid-design.com\/es\/wp-json\/wp\/v2\/product_tag?post=2291"}],"curies":[{"name":"wp","href":"https:\/\/api.w.org\/{rel}","templated":true}]}}