{"id":1740,"date":"2023-12-12T09:15:30","date_gmt":"2023-12-12T09:15:30","guid":{"rendered":"https:\/\/dcid-design.com\/producto\/escultura-de-arte-lega\/"},"modified":"2023-12-12T09:15:30","modified_gmt":"2023-12-12T09:15:30","slug":"escultura-de-arte-lega","status":"publish","type":"product","link":"https:\/\/dcid-design.com\/es\/producto\/escultura-de-arte-lega\/","title":{"rendered":"Escultura de arte Lega"},"content":{"rendered":"<p>El dise\u00f1o est\u00e1 cuidadosamente elaborado en madera y acabado con intrincados recortes y detalles. Detalles que no podr\u00e1s evitar explorar desde todos los \u00e1ngulos. Utilice Lega para renovar de forma sencilla y sencilla la decoraci\u00f3n de su hogar, ya sea en el alf\u00e9izar de la ventana, en una mesa consola o en un aparador. Cada pieza es \u00fanica, ya que est\u00e1n seleccionadas y recopiladas de antiguas patas de mesa indias. A medida que el material se recicla, la variaci\u00f3n en la apariencia es parte del dise\u00f1o y ocurrir\u00e1.    <\/p>\n","protected":false},"excerpt":{"rendered":"<p>Pieza de arte realizada en madera natural con tallas.<\/p>\n","protected":false},"featured_media":1525,"template":"","meta":{"_et_pb_use_builder":"","_et_pb_old_content":"","_et_gb_content_width":""},"product_brand":[],"product_cat":[59,68,53,55],"product_tag":[],"class_list":{"0":"post-1740","1":"product","2":"type-product","3":"status-publish","4":"has-post-thumbnail","6":"product_cat-coleccion-elemental","7":"product_cat-comedor","8":"product_cat-decoraciones","9":"product_cat-sala-de-estar","11":"first","12":"instock","13":"taxable","14":"shipping-taxable","15":"purchasable","16":"product-type-simple"},"_links":{"self":[{"href":"https:\/\/dcid-design.com\/es\/wp-json\/wp\/v2\/product\/1740","targetHints":{"allow":["GET"]}}],"collection":[{"href":"https:\/\/dcid-design.com\/es\/wp-json\/wp\/v2\/product"}],"about":[{"href":"https:\/\/dcid-design.com\/es\/wp-json\/wp\/v2\/types\/product"}],"wp:featuredmedia":[{"embeddable":true,"href":"https:\/\/dcid-design.com\/es\/wp-json\/wp\/v2\/media\/1525"}],"wp:attachment":[{"href":"https:\/\/dcid-design.com\/es\/wp-json\/wp\/v2\/media?parent=1740"}],"wp:term":[{"taxonomy":"product_brand","embeddable":true,"href":"https:\/\/dcid-design.com\/es\/wp-json\/wp\/v2\/product_brand?post=1740"},{"taxonomy":"product_cat","embeddable":true,"href":"https:\/\/dcid-design.com\/es\/wp-json\/wp\/v2\/product_cat?post=1740"},{"taxonomy":"product_tag","embeddable":true,"href":"https:\/\/dcid-design.com\/es\/wp-json\/wp\/v2\/product_tag?post=1740"}],"curies":[{"name":"wp","href":"https:\/\/api.w.org\/{rel}","templated":true}]}}