{"id":1738,"date":"2023-12-12T09:15:29","date_gmt":"2023-12-12T08:15:29","guid":{"rendered":"https:\/\/dcid-design.com\/producto\/jabon-de-manos-naranja-calida-momento-de-invierno\/"},"modified":"2023-12-12T09:15:29","modified_gmt":"2023-12-12T09:15:29","slug":"jabon-de-manos-naranja-calida-momento-de-invierno","status":"publish","type":"product","link":"https:\/\/dcid-design.com\/es\/producto\/jabon-de-manos-naranja-calida-momento-de-invierno\/","title":{"rendered":"Jab\u00f3n de manos, Naranja C\u00e1lida, Momento de Invierno"},"content":{"rendered":"<p>Lleve la sensaci\u00f3n navide\u00f1a al ba\u00f1o con este jab\u00f3n de manos de edici\u00f3n limitada de Meraki. El refrescante y c\u00e1lido aroma de naranja es un verdadero cl\u00e1sico que evoca recuerdos de tradiciones familiares y del tiempo pasado con sus seres queridos. Tus manos se nutren e hidratan gracias a un extracto org\u00e1nico de zanahoria y un extracto de perejil, mientras que un activo hidratante procedente de la remolacha azucarera protege la barrera cut\u00e1nea. Mojarse las manos, aplicar una cantidad adecuada y hacer buena espuma. Enjuagar con agua. Apto para uso diario y para todo tipo de pieles. Notas: Notas altas: naranja, verde, canela Notas de coraz\u00f3n: clavo, rosa Notas de fondo: madera  <\/p>\n","protected":false},"excerpt":{"rendered":"<p>Jab\u00f3n de manos de edici\u00f3n limitada de Meraki.<\/p>\n","protected":false},"featured_media":1541,"template":"","meta":{"_et_pb_use_builder":"","_et_pb_old_content":"","_et_gb_content_width":""},"product_brand":[],"product_cat":[56,72],"product_tag":[],"class_list":{"0":"post-1738","1":"product","2":"type-product","3":"status-publish","4":"has-post-thumbnail","6":"product_cat-accesorios-de-bano","7":"product_cat-bano","9":"first","10":"instock","11":"taxable","12":"shipping-taxable","13":"purchasable","14":"product-type-simple"},"_links":{"self":[{"href":"https:\/\/dcid-design.com\/es\/wp-json\/wp\/v2\/product\/1738","targetHints":{"allow":["GET"]}}],"collection":[{"href":"https:\/\/dcid-design.com\/es\/wp-json\/wp\/v2\/product"}],"about":[{"href":"https:\/\/dcid-design.com\/es\/wp-json\/wp\/v2\/types\/product"}],"wp:featuredmedia":[{"embeddable":true,"href":"https:\/\/dcid-design.com\/es\/wp-json\/wp\/v2\/media\/1541"}],"wp:attachment":[{"href":"https:\/\/dcid-design.com\/es\/wp-json\/wp\/v2\/media?parent=1738"}],"wp:term":[{"taxonomy":"product_brand","embeddable":true,"href":"https:\/\/dcid-design.com\/es\/wp-json\/wp\/v2\/product_brand?post=1738"},{"taxonomy":"product_cat","embeddable":true,"href":"https:\/\/dcid-design.com\/es\/wp-json\/wp\/v2\/product_cat?post=1738"},{"taxonomy":"product_tag","embeddable":true,"href":"https:\/\/dcid-design.com\/es\/wp-json\/wp\/v2\/product_tag?post=1738"}],"curies":[{"name":"wp","href":"https:\/\/api.w.org\/{rel}","templated":true}]}}