{"id":1664,"date":"2024-01-19T12:44:46","date_gmt":"2024-01-19T12:44:46","guid":{"rendered":"https:\/\/dcid-design.com\/paquetes-de-muebles\/coleccion-majestic\/"},"modified":"2024-04-22T06:32:35","modified_gmt":"2024-04-22T06:32:35","slug":"coleccion-majestic","status":"publish","type":"page","link":"https:\/\/dcid-design.com\/es\/paquetes-de-muebles\/coleccion-majestic\/","title":{"rendered":"Colecci\u00f3n Majestic"},"content":{"rendered":"<p>[et_pb_section fb_built=&#8221;1&#8243; _builder_version=&#8221;4.24.2&#8243; _module_preset=&#8221;default&#8221; background_color=&#8221;#E9E2D8&#8243; background_image=&#8221;https:\/\/dcid-design.com\/wp-content\/uploads\/2023\/12\/botanical-elemant-25.png&#8221; background_size=&#8221;custom&#8221; background_image_width=&#8221;130px&#8221; background_blend=&#8221;overlay&#8221; animation_style=&#8221;fade&#8221; animation_delay=&#8221;-100ms&#8221; locked=&#8221;off&#8221; global_colors_info=&#8221;{}&#8221;][et_pb_row _builder_version=&#8221;4.23.1&#8243; _module_preset=&#8221;default&#8221; global_colors_info=&#8221;{}&#8221;][et_pb_column type=&#8221;4_4&#8243; _builder_version=&#8221;4.23.1&#8243; _module_preset=&#8221;default&#8221; global_colors_info=&#8221;{}&#8221;][et_pb_text _builder_version=&#8221;4.24.2&#8243; _dynamic_attributes=&#8221;content&#8221; _module_preset=&#8221;default&#8221; text_text_color=&#8221;#FFFFFF&#8221; text_font_size=&#8221;48px&#8221; text_line_height=&#8221;1.1em&#8221; header_text_color=&#8221;#FFFFFF&#8221; text_orientation=&#8221;center&#8221; custom_padding=&#8221;0.4em||0.4em||true|false&#8221; custom_padding_tablet=&#8221;0.4em||0.4em||true|false&#8221; custom_padding_phone=&#8221;0.2em||0.2em||true|false&#8221; custom_padding_last_edited=&#8221;on|phone&#8221; text_text_shadow_style=&#8221;preset3&#8243; text_text_shadow_blur_strength=&#8221;0.26em&#8221; text_text_shadow_color=&#8221;rgba(0,0,0,0.88)&#8221; header_text_shadow_style=&#8221;preset1&#8243; header_text_shadow_vertical_length=&#8221;0.07em&#8221; global_colors_info=&#8221;{}&#8221;]@ET-DC@eyJkeW5hbWljIjp0cnVlLCJjb250ZW50IjoicG9zdF90aXRsZSIsInNldHRpbmdzIjp7ImJlZm9yZSI6IiIsImFmdGVyIjoiIiwiZW5hYmxlX2h0bWwiOiJvZmYifX0=@[\/et_pb_text][\/et_pb_column][\/et_pb_row][\/et_pb_section][et_pb_section fb_built=&#8221;1&#8243; _builder_version=&#8221;4.23.1&#8243; _module_preset=&#8221;default&#8221; custom_padding=&#8221;0em||0em||true|false&#8221; global_colors_info=&#8221;{}&#8221;][et_pb_row _builder_version=&#8221;4.23.1&#8243; _module_preset=&#8221;default&#8221; custom_padding=&#8221;29px|||||&#8221; global_colors_info=&#8221;{}&#8221;][et_pb_column type=&#8221;4_4&#8243; _builder_version=&#8221;4.23.1&#8243; _module_preset=&#8221;default&#8221; global_colors_info=&#8221;{}&#8221;][et_pb_text _builder_version=&#8221;4.23.1&#8243; _module_preset=&#8221;default&#8221; text_orientation=&#8221;center&#8221; max_width=&#8221;1000px&#8221; module_alignment=&#8221;center&#8221; animation_style=&#8221;fade&#8221; animation_delay=&#8221;500ms&#8221; global_colors_info=&#8221;{}&#8221;]<\/p>\n<p><strong>Elevando la elegancia: el encanto de los muebles de madera oscura, oro y m\u00e1rmol<\/strong><\/p>\n<p>La armoniosa combinaci\u00f3n de madera oscura, oro y m\u00e1rmol eleva los espacios a un reino de lujo refinado y elegancia atemporal. Esta trifecta de materiales exuda un aura de sofisticaci\u00f3n y grandeza discreta, transformando instant\u00e1neamente una habitaci\u00f3n en un ep\u00edtome de la opulencia moderna.<\/p>\n<p>La madera oscura, ya sea caoba, \u00e9bano o nogal, proporciona la base para una est\u00e9tica sofisticada y atemporal. Sus tonos ricos y profundos exudan calidez y elegancia, anclando el espacio con un aire de lujo refinado. Con un innegable toque de glamour, los detalles dorados a\u00f1aden un toque de extravagancia a la decoraci\u00f3n. Su brillo reluciente complementa la riqueza de la madera oscura, creando una interacci\u00f3n visual que eleva el ambiente general. El m\u00e1rmol, con sus intrincadas vetas y su lujoso brillo, a\u00f1ade un toque de elegancia y refinamiento a cualquier espacio. Su superficie lisa y fresca contrasta maravillosamente con los tonos c\u00e1lidos de la madera oscura, creando un armonioso juego de texturas. Para completar la sensaci\u00f3n de lujo, los muebles de color beige combinan a la perfecci\u00f3n con estos tonos para completar el espacio de forma armoniosa.      <\/p>\n<p>La elegancia atemporal de la madera oscura, el brillo opulento del oro y la elegancia fresca del m\u00e1rmol se unen para crear una combinaci\u00f3n armoniosa de estilo lujoso y sofisticaci\u00f3n atemporal.<\/p>\n<p>Si est\u00e1s interesado en adquirir la colecci\u00f3n Majestic, \u00a1cont\u00e1ctanos! Complete el siguiente formulario con nombre, direcci\u00f3n de correo electr\u00f3nico y seleccione las opciones que le interesan. Si desea comprar el paquete completo, puede hacer clic en la opci\u00f3n en la parte superior llamada &#8220;Colecci\u00f3n Majestic completa&#8221;, de lo contrario seleccione las \u00e1reas que desea. quiero comprar. Recuerde escribir d\u00f3nde est\u00e1 ubicada su propiedad en la Costa del Sol en el cuadro de Mensaje para que podamos asegurarnos de que podamos realizar la entrega (solo disponible en el \u00e1rea de la Costa del Sol en Espa\u00f1a). Todos los precios incluyen IVA, env\u00edo y montaje.    <\/p>\n<p><span style=\"font-size: x-large;\">Precio de la colecci\u00f3n completa: 65.500 \u20ac<\/span><\/p>\n<p>[\/et_pb_text][\/et_pb_column][\/et_pb_row][\/et_pb_section][et_pb_section fb_built=&#8221;1&#8243; _builder_version=&#8221;4.23.1&#8243; _module_preset=&#8221;default&#8221; global_colors_info=&#8221;{}&#8221;][et_pb_row column_structure=&#8221;1_3,1_3,1_3&#8243; _builder_version=&#8221;4.23.1&#8243; _module_preset=&#8221;default&#8221; global_colors_info=&#8221;{}&#8221;][et_pb_column type=&#8221;1_3&#8243; _builder_version=&#8221;4.23.1&#8243; _module_preset=&#8221;default&#8221; global_colors_info=&#8221;{}&#8221;][et_pb_image src=&#8221;https:\/\/dcid-design.com\/wp-content\/uploads\/2024\/03\/1.jpg&#8221; title_text=&#8221;1&#8243; show_in_lightbox=&#8221;on&#8221; _builder_version=&#8221;4.24.2&#8243; _module_preset=&#8221;default&#8221; custom_margin=&#8221;||16px||false|false&#8221; global_colors_info=&#8221;{}&#8221;][\/et_pb_image][et_pb_toggle title=&#8221;Sal\u00f3n &#8211; Precio: 13.700 \u20ac &#8211; Pulsa para ver los art\u00edculos incluidos&#8221; open_toggle_text_color=&#8221;#191919&#8243; icon_color=&#8221;#191919&#8243; toggle_icon=&#8221;&#x3b;||divi||400&#8243; open_toggle_icon=&#8221;&#x3a;||divi||400&#8243; _builder_version=&#8221;4.23.1&#8243; _module_preset=&#8221;default&#8221; title_text_color=&#8221;#191919&#8243; border_radii=&#8221;on|8px|8px|8px|8px&#8221; global_colors_info=&#8221;{}&#8221;]<\/p>\n<p>1 x Sof\u00e1 modular con chaise lounge en estructura de madera maciza (incluidos 4 cojines) y textil, disponible en diferentes colores, tama\u00f1o: 300x300x82 cm<\/p>\n<p>1 x Silla de madera maciza y textil, disponible en diferentes colores, medidas: 110x85x70 cm<\/p>\n<p>1 x Mesa de centro de m\u00e1rmol negro, tama\u00f1o: 120x60x30 cm<\/p>\n<p>1 x Mesa consola de m\u00e1rmol negro, tama\u00f1o: 140x40x85 cm<\/p>\n<p>1 x Alfombra de lana, tama\u00f1o: 200&#215;300 cm<\/p>\n<p>1 x Espejo, tama\u00f1o: 125 cm de di\u00e1metro<\/p>\n<p>1 x L\u00e1mpara de mesa, tama\u00f1o: 13x13x51 cm<\/p>\n<p>1 x Decoraci\u00f3n de pared de metal, tama\u00f1o: 120x80x8 cm<\/p>\n<p>1 x Planta y maceta (natural o artificial)<\/p>\n<p>[\/et_pb_toggle][et_pb_image src=&#8221;https:\/\/dcid-design.com\/wp-content\/uploads\/2024\/03\/3.jpg&#8221; title_text=&#8221;3&#8243; show_in_lightbox=&#8221;on&#8221; _builder_version=&#8221;4.24.2&#8243; _module_preset=&#8221;default&#8221; custom_margin=&#8221;||16px||false|false&#8221; global_colors_info=&#8221;{}&#8221;][\/et_pb_image][et_pb_toggle title=&#8221;Dormitorio principal &#8211; Precio: 10.500 \u20ac &#8211; Pulsa para ver los art\u00edculos incluidos&#8221; open_toggle_text_color=&#8221;#191919&#8243; icon_color=&#8221;#191919&#8243; toggle_icon=&#8221;&#x3b;||divi||400&#8243; open_toggle_icon=&#8221;&#x3a;||divi||400&#8243; _builder_version=&#8221;4.23.1&#8243; _module_preset=&#8221;default&#8221; title_text_color=&#8221;#191919&#8243; border_radii=&#8221;on|8px|8px|8px|8px&#8221; global_colors_info=&#8221;{}&#8221;]<\/p>\n<p>1 x Cama con estructura de madera maciza y revestimiento textil, completa con cabecero. Diferentes colores disponibles, tama\u00f1o: 200&#215;230 cm <\/p>\n<p>1 x Colch\u00f3n de muelles ensacados, disponible en diferentes firmezas, tama\u00f1o: 180&#215;200 cm<\/p>\n<p>2 x Mesita de noche de madera maciza, tama\u00f1o: 70x52x60 cm<\/p>\n<p>1 x Banco de madera y terciopelo, tama\u00f1o: 150x40x40 cm<\/p>\n<p>1 x C\u00f3moda de madera maciza, tama\u00f1o: 150x52x80 cm<\/p>\n<p>2 x L\u00e1mparas de mesa de metal y m\u00e1rmol, tama\u00f1o: d24xh54 cm<\/p>\n<p>1 x Espejo, tama\u00f1o: 120 cm de di\u00e1metro<\/p>\n<p>1 x Alfombra, tama\u00f1o: 300&#215;200 cm<\/p>\n<p>1 x Planta y maceta (natural o artificial)<\/p>\n<p>[\/et_pb_toggle][et_pb_image src=&#8221;https:\/\/dcid-design.com\/wp-content\/uploads\/2024\/03\/5.jpg&#8221; title_text=&#8221;5&#8243; show_in_lightbox=&#8221;on&#8221; _builder_version=&#8221;4.24.2&#8243; _module_preset=&#8221;default&#8221; custom_margin=&#8221;||16px||false|false&#8221; global_colors_info=&#8221;{}&#8221;][\/et_pb_image][et_pb_toggle title=&#8221;Habitaci\u00f3n de invitados 2 &#8211; Precio: 6.600 \u20ac &#8211; Pulsa para ver los art\u00edculos incluidos&#8221; open_toggle_text_color=&#8221;#191919&#8243; icon_color=&#8221;#191919&#8243; toggle_icon=&#8221;&#x3b;||divi||400&#8243; open_toggle_icon=&#8221;&#x3a;||divi||400&#8243; _builder_version=&#8221;4.23.1&#8243; _module_preset=&#8221;default&#8221; title_text_color=&#8221;#191919&#8243; border_radii=&#8221;on|8px|8px|8px|8px&#8221; global_colors_info=&#8221;{}&#8221;]<\/p>\n<p>1 x Cama con estructura de madera maciza, completa con cabecero, tama\u00f1o: 190&#215;210 cm<\/p>\n<p>1 x Colch\u00f3n de muelles ensacados, disponible en diferentes firmezas, tama\u00f1o: 180&#215;200 cm<\/p>\n<p>2 x Mesita de noche de madera maciza, tama\u00f1o: 60x40x35 cm<\/p>\n<p>2 x L\u00e1mparas de mesa de metal, tama\u00f1o: 13x13x43 cm<\/p>\n<p>1 espejo, tama\u00f1o: 110&#215;100 cm<\/p>\n<p>1 x Alfombra, tama\u00f1o: 300&#215;200 cm<\/p>\n<p>1 x Planta y maceta (natural o artificial)<\/p>\n<p>[\/et_pb_toggle][et_pb_image src=&#8221;https:\/\/dcid-design.com\/wp-content\/uploads\/2024\/03\/7.jpg&#8221; title_text=&#8221;7&#8243; show_in_lightbox=&#8221;on&#8221; _builder_version=&#8221;4.24.2&#8243; _module_preset=&#8221;default&#8221; custom_margin=&#8221;||16px||false|false&#8221; global_colors_info=&#8221;{}&#8221;][\/et_pb_image][et_pb_toggle title=&#8221;Comedor Exterior &#8211; Precio: 7.600 \u20ac &#8211; Pulsa para ver los art\u00edculos incluidos&#8221; open_toggle_text_color=&#8221;#191919&#8243; icon_color=&#8221;#191919&#8243; toggle_icon=&#8221;&#x3b;||divi||400&#8243; open_toggle_icon=&#8221;&#x3a;||divi||400&#8243; _builder_version=&#8221;4.23.1&#8243; _module_preset=&#8221;default&#8221; title_text_color=&#8221;#191919&#8243; border_radii=&#8221;on|8px|8px|8px|8px&#8221; global_colors_info=&#8221;{}&#8221;]<\/p>\n<p>1 x Mesa de comedor de aluminio con tapa de porcelana, tama\u00f1o: 200x100x75 cm<\/p>\n<p>6 x Sillas de comedor en policuerda de 8mm, aluminio y textil, medidas: 68x61x81 cm<\/p>\n<p>[\/et_pb_toggle][\/et_pb_column][et_pb_column type=&#8221;1_3&#8243; _builder_version=&#8221;4.23.1&#8243; _module_preset=&#8221;default&#8221; global_colors_info=&#8221;{}&#8221;][et_pb_image src=&#8221;https:\/\/dcid-design.com\/wp-content\/uploads\/2024\/03\/2.jpg&#8221; title_text=&#8221;2&#8243; show_in_lightbox=&#8221;on&#8221; _builder_version=&#8221;4.24.2&#8243; _module_preset=&#8221;default&#8221; custom_margin=&#8221;||16px||false|false&#8221; global_colors_info=&#8221;{}&#8221;][\/et_pb_image][et_pb_toggle title=&#8221;Comedor &#8211; Precio: 6.300 \u20ac &#8211; Pulsa para ver los art\u00edculos incluidos&#8221; open_toggle_text_color=&#8221;#191919&#8243; icon_color=&#8221;#191919&#8243; toggle_icon=&#8221;&#x3b;||divi||400&#8243; open_toggle_icon=&#8221;&#x3a;||divi||400&#8243; _builder_version=&#8221;4.23.1&#8243; _module_preset=&#8221;default&#8221; title_text_color=&#8221;#191919&#8243; border_radii=&#8221;on|8px|8px|8px|8px&#8221; global_colors_info=&#8221;{}&#8221;]<\/p>\n<p>1 x Mesa de comedor de madera maciza y metal, tama\u00f1o: 220x150x78 cm<\/p>\n<p>6 x Sillas de comedor en madera y tejido de terciopelo, tama\u00f1o: 79x50x56 cm<\/p>\n<p>1 x Planta y maceta (natural o artificial)<\/p>\n<p>[\/et_pb_toggle][et_pb_image src=&#8221;https:\/\/dcid-design.com\/wp-content\/uploads\/2024\/03\/4.jpg&#8221; title_text=&#8221;4&#8243; show_in_lightbox=&#8221;on&#8221; _builder_version=&#8221;4.24.2&#8243; _module_preset=&#8221;default&#8221; custom_margin=&#8221;||16px||false|false&#8221; global_colors_info=&#8221;{}&#8221;][\/et_pb_image][et_pb_toggle title=&#8221;Habitaci\u00f3n de invitados 1 &#8211; Precio: 7.100 \u20ac &#8211; Pulsa para ver los art\u00edculos incluidos&#8221; open_toggle_text_color=&#8221;#191919&#8243; icon_color=&#8221;#191919&#8243; toggle_icon=&#8221;&#x3b;||divi||400&#8243; open_toggle_icon=&#8221;&#x3a;||divi||400&#8243; _builder_version=&#8221;4.23.1&#8243; _module_preset=&#8221;default&#8221; title_text_color=&#8221;#191919&#8243; border_radii=&#8221;on|8px|8px|8px|8px&#8221; global_colors_info=&#8221;{}&#8221;]<\/p>\n<p>1 x Cama con estructura de madera maciza, completa con cabecero, tama\u00f1o: 190&#215;210 cm<\/p>\n<p>1 x Colch\u00f3n de muelles ensacados, disponible en diferentes firmezas, tama\u00f1o: 180&#215;200 cm<\/p>\n<p>2 x Mesita de noche de madera maciza, tama\u00f1o: 60x40x35 cm<\/p>\n<p>2 x L\u00e1mparas de mesa en piedra, tama\u00f1o: 43x43x82 cm<\/p>\n<p>1 x Espejo en 2 piezas, tama\u00f1o: 85&#215;50 cm y 75&#215;80 cm<\/p>\n<p>1 x Alfombra, tama\u00f1o: 300&#215;200 cm<\/p>\n<p>1 x Planta y maceta (natural o artificial)<\/p>\n<p>[\/et_pb_toggle][et_pb_image src=&#8221;https:\/\/dcid-design.com\/wp-content\/uploads\/2024\/03\/6.jpg&#8221; title_text=&#8221;6&#8243; show_in_lightbox=&#8221;on&#8221; _builder_version=&#8221;4.24.2&#8243; _module_preset=&#8221;default&#8221; custom_margin=&#8221;||16px||false|false&#8221; global_colors_info=&#8221;{}&#8221;][\/et_pb_image][et_pb_toggle title=&#8221;Sal\u00f3n Exterior &#8211; Precio: 7.300 \u20ac &#8211; Pulsa para ver los art\u00edculos incluidos&#8221; open_toggle_text_color=&#8221;#191919&#8243; icon_color=&#8221;#191919&#8243; toggle_icon=&#8221;&#x3b;||divi||400&#8243; open_toggle_icon=&#8221;&#x3a;||divi||400&#8243; _builder_version=&#8221;4.23.1&#8243; _module_preset=&#8221;default&#8221; title_text_color=&#8221;#191919&#8243; border_radii=&#8221;on|8px|8px|8px|8px&#8221; global_colors_info=&#8221;{}&#8221;]<\/p>\n<p>1 x Sof\u00e1 (3 plazas) de policuerda de 8 mm, aluminio y cojines beige, medidas: 215x79x71 cm<\/p>\n<p>1 x Sof\u00e1 (2 plazas) de policuerda de 8 mm, aluminio y cojines beige, medidas: 150x79x71 cm<\/p>\n<p>1 x Silla de policuerda de 8mm, aluminio y cojines beige, medidas: 85x79x71 cm<\/p>\n<p>1 x Mesa de centro de aluminio y tapa de porcelana, tama\u00f1o: d100x45 cm<\/p>\n<p>[\/et_pb_toggle][et_pb_image src=&#8221;https:\/\/dcid-design.com\/wp-content\/uploads\/2024\/03\/8.jpg&#8221; title_text=&#8221;8&#8243; show_in_lightbox=&#8221;on&#8221; _builder_version=&#8221;4.24.2&#8243; _module_preset=&#8221;default&#8221; custom_margin=&#8221;||16px||false|false&#8221; global_colors_info=&#8221;{}&#8221;][\/et_pb_image][et_pb_toggle title=&#8221;Tumbonas Exteriores &#8211; Precio: 8.700 \u20ac &#8211; Pulsa para ver los art\u00edculos incluidos&#8221; open_toggle_text_color=&#8221;#191919&#8243; icon_color=&#8221;#191919&#8243; toggle_icon=&#8221;&#x3b;||divi||400&#8243; open_toggle_icon=&#8221;&#x3a;||divi||400&#8243; _builder_version=&#8221;4.23.1&#8243; _module_preset=&#8221;default&#8221; title_text_color=&#8221;#191919&#8243; border_radii=&#8221;on|8px|8px|8px|8px&#8221; global_colors_info=&#8221;{}&#8221;]<\/p>\n<p>1 x Sof\u00e1 cama de policuerda de 8 mm, aluminio y textil, tama\u00f1o: 200&#215;82 cm<\/p>\n<p>2 x Tumbona individual de aluminio y textil, tama\u00f1o: 208x81x38 cm<\/p>\n<p>1 x Mesa auxiliar de aluminio y tapa de porcelana, tama\u00f1o: d68x40 cm<\/p>\n<p>[\/et_pb_toggle][\/et_pb_column][et_pb_column type=&#8221;1_3&#8243; _builder_version=&#8221;4.23.1&#8243; _module_preset=&#8221;default&#8221; global_colors_info=&#8221;{}&#8221;][et_pb_contact_form use_spam_service=&#8221;on&#8221; recaptcha_list=&#8221;Default|Default-0&#8243; email=&#8221;hello@dcid-design.com&#8221; custom_message=&#8221;New Message from Majestic collection ||et_pb_line_break_holder||||et_pb_line_break_holder||Name: %%Name%%||et_pb_line_break_holder||Email: %%Email%%||et_pb_line_break_holder||Message: %%Message%%||et_pb_line_break_holder||Choice: ||et_pb_line_break_holder||%%Choice%%&#8221; _builder_version=&#8221;4.24.0&#8243; _module_preset=&#8221;default&#8221; _unique_id=&#8221;a4ce011b-fd7f-41c5-bcce-f9778179fef9&#8243; form_field_background_color=&#8221;#FFFFFF&#8221; form_field_focus_background_color=&#8221;#FFFFFF&#8221; form_field_focus_text_color=&#8221;#191919&#8243; form_field_font_size=&#8221;15px&#8221; background_color=&#8221;rgba(233,226,216,0.33)&#8221; custom_padding=&#8221;1em|1em|1em|1em|true|true&#8221; sticky_position=&#8221;top&#8221; sticky_offset_top=&#8221;16px&#8221; sticky_limit_bottom=&#8221;row&#8221; sticky_position_tablet=&#8221;none&#8221; sticky_position_phone=&#8221;none&#8221; sticky_position_last_edited=&#8221;on|tablet&#8221; custom_css_main_element=&#8221;border-radius: 16px;&#8221; border_radii=&#8221;on|8px|8px|8px|8px&#8221; border_width_all=&#8221;1px&#8221; border_color_all=&#8221;#E9E2D8&#8243; locked=&#8221;off&#8221; global_colors_info=&#8221;{}&#8221;][et_pb_contact_field field_id=&#8221;Name&#8221; field_title=&#8221;Nombre&#8221; _builder_version=&#8221;4.16&#8243; global_colors_info=&#8221;{}&#8221; button_text_size__hover_enabled=&#8221;off&#8221; button_one_text_size__hover_enabled=&#8221;off&#8221; button_two_text_size__hover_enabled=&#8221;off&#8221; button_text_color__hover_enabled=&#8221;off&#8221; button_one_text_color__hover_enabled=&#8221;off&#8221; button_two_text_color__hover_enabled=&#8221;off&#8221; button_border_width__hover_enabled=&#8221;off&#8221; button_one_border_width__hover_enabled=&#8221;off&#8221; button_two_border_width__hover_enabled=&#8221;off&#8221; button_border_color__hover_enabled=&#8221;off&#8221; button_one_border_color__hover_enabled=&#8221;off&#8221; button_two_border_color__hover_enabled=&#8221;off&#8221; button_border_radius__hover_enabled=&#8221;off&#8221; button_one_border_radius__hover_enabled=&#8221;off&#8221; button_two_border_radius__hover_enabled=&#8221;off&#8221; button_letter_spacing__hover_enabled=&#8221;off&#8221; button_one_letter_spacing__hover_enabled=&#8221;off&#8221; button_two_letter_spacing__hover_enabled=&#8221;off&#8221; button_bg_color__hover_enabled=&#8221;off&#8221; button_one_bg_color__hover_enabled=&#8221;off&#8221; button_two_bg_color__hover_enabled=&#8221;off&#8221;][\/et_pb_contact_field][et_pb_contact_field field_id=&#8221;Email&#8221; field_title=&#8221;Email&#8221; field_type=&#8221;email&#8221; _builder_version=&#8221;4.16&#8243; global_colors_info=&#8221;{}&#8221; button_text_size__hover_enabled=&#8221;off&#8221; button_one_text_size__hover_enabled=&#8221;off&#8221; button_two_text_size__hover_enabled=&#8221;off&#8221; button_text_color__hover_enabled=&#8221;off&#8221; button_one_text_color__hover_enabled=&#8221;off&#8221; button_two_text_color__hover_enabled=&#8221;off&#8221; button_border_width__hover_enabled=&#8221;off&#8221; button_one_border_width__hover_enabled=&#8221;off&#8221; button_two_border_width__hover_enabled=&#8221;off&#8221; button_border_color__hover_enabled=&#8221;off&#8221; button_one_border_color__hover_enabled=&#8221;off&#8221; button_two_border_color__hover_enabled=&#8221;off&#8221; button_border_radius__hover_enabled=&#8221;off&#8221; button_one_border_radius__hover_enabled=&#8221;off&#8221; button_two_border_radius__hover_enabled=&#8221;off&#8221; button_letter_spacing__hover_enabled=&#8221;off&#8221; button_one_letter_spacing__hover_enabled=&#8221;off&#8221; button_two_letter_spacing__hover_enabled=&#8221;off&#8221; button_bg_color__hover_enabled=&#8221;off&#8221; button_one_bg_color__hover_enabled=&#8221;off&#8221; button_two_bg_color__hover_enabled=&#8221;off&#8221;][\/et_pb_contact_field][et_pb_contact_field field_id=&#8221;Message&#8221; field_title=&#8221;Mensaje&#8221; fullwidth_field=&#8221;on&#8221; _builder_version=&#8221;4.24.0&#8243; _module_preset=&#8221;default&#8221; global_colors_info=&#8221;{}&#8221;][\/et_pb_contact_field][et_pb_contact_field field_id=&#8221;Choice&#8221; field_title=&#8221;Seleccione&#8221; field_type=&#8221;checkbox&#8221; checkbox_options=&#8221;%91{%22value%22:%22Colecci\u00f3n Majestic completa%22,%22checked%22:0,%22dragID%22:-1},{%22value%22:%22Sal\u00f3n%22,%22checked%22:0,%22dragID%22:0},{%22value%22:%22Comedor%22,%22checked%22:0,%22dragID%22:1},{%22value%22:%22Dormitorio principal%22,%22checked%22:0,%22dragID%22:2},{%22value%22:%22Habitaci\u00f3n de invitados 1%22,%22checked%22:0,%22dragID%22:6},{%22value%22:%22Habitaci\u00f3n de invitados 2%22,%22checked%22:0,%22dragID%22:7},{%22value%22:%22Sal\u00f3n exterior%22,%22checked%22:0,%22dragID%22:5},{%22value%22:%22Comedor exterior%22,%22checked%22:0,%22dragID%22:4},{%22value%22:%22Tumbonas Exteriores%22,%22checked%22:0,%22dragID%22:8}%93&#8243; fullwidth_field=&#8221;on&#8221; _builder_version=&#8221;4.24.0&#8243; _module_preset=&#8221;default&#8221; global_colors_info=&#8221;{}&#8221;][\/et_pb_contact_field][et_pb_contact_field field_id=&#8221;Privacy&#8221; field_title=&#8221; &#8221; field_type=&#8221;checkbox&#8221; checkbox_options=&#8221;%91{%22value%22:%22 He le\u00eddo y acepto la %22,%22checked%22:0,%22dragID%22:-1,%22link_url%22:%22https:\\\/\\\/clientes.prodat.es\\\/privacidad\\\/MLG\\\/dcid%22,%22link_text%22:%22Pol\u00edtica de privacidad.*%22}%93&#8243; fullwidth_field=&#8221;on&#8221; _builder_version=&#8221;4.24.0&#8243; _module_preset=&#8221;default&#8221; custom_margin=&#8221;18px||18px||true|false&#8221; border_radii=&#8221;on|1px|1px|1px|1px&#8221; global_colors_info=&#8221;{}&#8221;][\/et_pb_contact_field][\/et_pb_contact_form][\/et_pb_column][\/et_pb_row][\/et_pb_section][et_pb_section fb_built=&#8221;1&#8243; _builder_version=&#8221;4.23.1&#8243; _module_preset=&#8221;default&#8221; global_colors_info=&#8221;{}&#8221;][et_pb_row _builder_version=&#8221;4.23.1&#8243; _module_preset=&#8221;default&#8221; global_colors_info=&#8221;{}&#8221;][et_pb_column type=&#8221;4_4&#8243; _builder_version=&#8221;4.23.1&#8243; _module_preset=&#8221;default&#8221; global_colors_info=&#8221;{}&#8221;][et_pb_text _builder_version=&#8221;4.23.1&#8243; _module_preset=&#8221;default&#8221; global_colors_info=&#8221;{}&#8221;]<\/p>\n<h2>Productos relacionados de la tienda web<\/h2>\n<p>[\/et_pb_text][et_pb_shop type=&#8221;product_category&#8221; include_categories=&#8221;39&#8243; _builder_version=&#8221;4.23.1&#8243; _module_preset=&#8221;default&#8221; global_colors_info=&#8221;{}&#8221;][\/et_pb_shop][\/et_pb_column][\/et_pb_row][\/et_pb_section]<\/p>\n","protected":false},"excerpt":{"rendered":"<p>Elevando la elegancia: el encanto de los muebles de madera oscura, oro y m\u00e1rmol La armoniosa combinaci\u00f3n de madera oscura, oro y m\u00e1rmol eleva los espacios a un reino de lujo refinado y elegancia atemporal. Esta trifecta de materiales exuda un aura de sofisticaci\u00f3n y grandeza discreta, transformando instant\u00e1neamente una habitaci\u00f3n en un ep\u00edtome de [&hellip;]<\/p>\n","protected":false},"author":2,"featured_media":0,"parent":3270,"menu_order":0,"comment_status":"closed","ping_status":"closed","template":"","meta":{"_et_pb_use_builder":"on","_et_pb_old_content":"","_et_gb_content_width":"","footnotes":""},"class_list":["post-1664","page","type-page","status-publish","hentry"],"_links":{"self":[{"href":"https:\/\/dcid-design.com\/es\/wp-json\/wp\/v2\/pages\/1664","targetHints":{"allow":["GET"]}}],"collection":[{"href":"https:\/\/dcid-design.com\/es\/wp-json\/wp\/v2\/pages"}],"about":[{"href":"https:\/\/dcid-design.com\/es\/wp-json\/wp\/v2\/types\/page"}],"author":[{"embeddable":true,"href":"https:\/\/dcid-design.com\/es\/wp-json\/wp\/v2\/users\/2"}],"replies":[{"embeddable":true,"href":"https:\/\/dcid-design.com\/es\/wp-json\/wp\/v2\/comments?post=1664"}],"version-history":[{"count":11,"href":"https:\/\/dcid-design.com\/es\/wp-json\/wp\/v2\/pages\/1664\/revisions"}],"predecessor-version":[{"id":2822,"href":"https:\/\/dcid-design.com\/es\/wp-json\/wp\/v2\/pages\/1664\/revisions\/2822"}],"up":[{"embeddable":true,"href":"https:\/\/dcid-design.com\/es\/wp-json\/wp\/v2\/pages\/3270"}],"wp:attachment":[{"href":"https:\/\/dcid-design.com\/es\/wp-json\/wp\/v2\/media?parent=1664"}],"curies":[{"name":"wp","href":"https:\/\/api.w.org\/{rel}","templated":true}]}}