{"id":1658,"date":"2024-01-19T12:44:19","date_gmt":"2024-01-19T12:44:19","guid":{"rendered":"https:\/\/dcid-design.com\/paquetes-de-muebles\/coleccion-elemental\/"},"modified":"2024-03-28T15:51:09","modified_gmt":"2024-03-28T15:51:09","slug":"coleccion-elemental","status":"publish","type":"page","link":"https:\/\/dcid-design.com\/es\/paquetes-de-muebles\/coleccion-elemental\/","title":{"rendered":"Colecci\u00f3n Elemental"},"content":{"rendered":"<p>[et_pb_section fb_built=&#8221;1&#8243; _builder_version=&#8221;4.24.2&#8243; _module_preset=&#8221;default&#8221; background_color=&#8221;#E9E2D8&#8243; background_image=&#8221;https:\/\/dcid-design.com\/wp-content\/uploads\/2024\/03\/botanical-elemant-32.png&#8221; background_size=&#8221;custom&#8221; background_image_width=&#8221;130px&#8221; background_blend=&#8221;overlay&#8221; animation_style=&#8221;fade&#8221; animation_delay=&#8221;-100ms&#8221; hover_enabled=&#8221;0&#8243; locked=&#8221;off&#8221; global_colors_info=&#8221;{}&#8221; title_text=&#8221;botanical-elemant-32&#8243; sticky_enabled=&#8221;0&#8243;][et_pb_row _builder_version=&#8221;4.23.1&#8243; _module_preset=&#8221;default&#8221; global_colors_info=&#8221;{}&#8221;][et_pb_column type=&#8221;4_4&#8243; _builder_version=&#8221;4.23.1&#8243; _module_preset=&#8221;default&#8221; global_colors_info=&#8221;{}&#8221;][et_pb_text _builder_version=&#8221;4.24.2&#8243; _dynamic_attributes=&#8221;content&#8221; _module_preset=&#8221;default&#8221; text_text_color=&#8221;#FFFFFF&#8221; text_font_size=&#8221;48px&#8221; text_line_height=&#8221;1.1em&#8221; header_text_color=&#8221;#FFFFFF&#8221; text_orientation=&#8221;center&#8221; custom_padding=&#8221;0.4em||0.4em||true|false&#8221; custom_padding_tablet=&#8221;0.4em||0.4em||true|false&#8221; custom_padding_phone=&#8221;0.2em||0.2em||true|false&#8221; custom_padding_last_edited=&#8221;on|phone&#8221; text_text_shadow_style=&#8221;preset3&#8243; text_text_shadow_blur_strength=&#8221;0.26em&#8221; text_text_shadow_color=&#8221;rgba(0,0,0,0.88)&#8221; header_text_shadow_style=&#8221;preset1&#8243; header_text_shadow_vertical_length=&#8221;0.07em&#8221; global_colors_info=&#8221;{}&#8221;]@ET-DC@eyJkeW5hbWljIjp0cnVlLCJjb250ZW50IjoicG9zdF90aXRsZSIsInNldHRpbmdzIjp7ImJlZm9yZSI6IiIsImFmdGVyIjoiIn19@[\/et_pb_text][\/et_pb_column][\/et_pb_row][\/et_pb_section][et_pb_section fb_built=&#8221;1&#8243; _builder_version=&#8221;4.23.1&#8243; _module_preset=&#8221;default&#8221; custom_padding=&#8221;0em||0em||true|false&#8221; global_colors_info=&#8221;{}&#8221;][et_pb_row _builder_version=&#8221;4.23.1&#8243; _module_preset=&#8221;default&#8221; custom_padding=&#8221;29px|||||&#8221; global_colors_info=&#8221;{}&#8221;][et_pb_column type=&#8221;4_4&#8243; _builder_version=&#8221;4.23.1&#8243; _module_preset=&#8221;default&#8221; global_colors_info=&#8221;{}&#8221;][et_pb_text _builder_version=&#8221;4.23.1&#8243; _module_preset=&#8221;default&#8221; text_orientation=&#8221;center&#8221; max_width=&#8221;1000px&#8221; module_alignment=&#8221;center&#8221; custom_padding=&#8221;||48px|||&#8221; animation_style=&#8221;fade&#8221; animation_delay=&#8221;500ms&#8221; global_colors_info=&#8221;{}&#8221;]<\/p>\n<p>Muebles de influencia elemental: \u00a1Abrazando el poder de la naturaleza en tu hogar!<\/p>\n<p>Los muebles de inspiraci\u00f3n elemental son un dise\u00f1o que se inspira en los cuatro elementos fundamentales de la naturaleza: tierra, aire, fuego y agua. Este estilo tiene como objetivo crear una sensaci\u00f3n de armon\u00eda y equilibrio dentro del hogar mediante la incorporaci\u00f3n de materiales naturales, formas org\u00e1nicas y colores relajantes. Al incorporar elementos de cada uno de los cuatro elementos fundamentales, puede crear un espacio armonioso y equilibrado que sea a la vez elegante y acogedor. Ya sea que elija abrazar la terrenalidad de la madera y la piedra, la ligereza del vidrio y el lino, la calidez del cobre y el cuero o la tranquilidad de las texturas similares al agua, los muebles inspirados en elementos elementales pueden ayudarlo a llevar el mundo natural a su hogar. <\/p>\n<p>Si est\u00e1s interesado en adquirir la colecci\u00f3n Elemental, \u00a1cont\u00e1ctanos! Complete el siguiente formulario con nombre, direcci\u00f3n de correo electr\u00f3nico y seleccione las opciones que le interesan. Si desea comprar el paquete completo, puede hacer clic en la opci\u00f3n en la parte superior llamada &#8220;Colecci\u00f3n Elemental completa&#8221;, de lo contrario seleccione las \u00e1reas que quiero comprar. Recuerde escribir d\u00f3nde est\u00e1 ubicada su propiedad en el Sol en el cuadro de Mensaje para que podamos asegurarnos de que podamos realizar la entrega (solo disponible en el \u00e1rea de la Costa del Sol en Espa\u00f1a). Todos los precios incluyen IVA, env\u00edo y montaje.    <\/p>\n<p><span style=\"font-size: x-large;\">Precio de la colecci\u00f3n completa: 27.400 \u20ac<\/span><\/p>\n<p>[\/et_pb_text][\/et_pb_column][\/et_pb_row][\/et_pb_section][et_pb_section fb_built=&#8221;1&#8243; _builder_version=&#8221;4.23.1&#8243; _module_preset=&#8221;default&#8221; global_colors_info=&#8221;{}&#8221;][et_pb_row column_structure=&#8221;1_3,1_3,1_3&#8243; _builder_version=&#8221;4.23.1&#8243; _module_preset=&#8221;default&#8221; global_colors_info=&#8221;{}&#8221;][et_pb_column type=&#8221;1_3&#8243; _builder_version=&#8221;4.23.1&#8243; _module_preset=&#8221;default&#8221; global_colors_info=&#8221;{}&#8221;][et_pb_image src=&#8221;https:\/\/dcid-design.com\/wp-content\/uploads\/2024\/03\/EL-1.jpg&#8221; title_text=&#8221;EL 1&#8243; show_in_lightbox=&#8221;on&#8221; _builder_version=&#8221;4.24.2&#8243; _module_preset=&#8221;default&#8221; custom_margin=&#8221;||16px||false|false&#8221; global_colors_info=&#8221;{}&#8221;][\/et_pb_image][et_pb_toggle title=&#8221;Sal\u00f3n &#8211; Precio: 6.600 \u20ac &#8211; Pulsa para ver los art\u00edculos incluidos&#8221; open_toggle_text_color=&#8221;#191919&#8243; icon_color=&#8221;#191919&#8243; toggle_icon=&#8221;&#x3b;||divi||400&#8243; open_toggle_icon=&#8221;&#x3a;||divi||400&#8243; _builder_version=&#8221;4.24.2&#8243; _module_preset=&#8221;default&#8221; title_text_color=&#8221;#191919&#8243; border_radii=&#8221;on|8px|8px|8px|8px&#8221; global_colors_info=&#8221;{}&#8221;]<\/p>\n<p>1 x Sof\u00e1 de forma org\u00e1nica, tapizado en Pausa natural y provisto de base negra, medidas: 248x104x74 cm<\/p>\n<p>1 x Mesa de centro de metal y cristal, tama\u00f1o: 100x100x44 cm<\/p>\n<p>1 x Mueble TV de madera, tama\u00f1o: 175x40x50 cm<\/p>\n<p>1 x Alfombra de lana, tama\u00f1o: 200 cm de di\u00e1metro<\/p>\n<p>1 x L\u00e1mpara de pie, tama\u00f1o: 156x50x210 cm<\/p>\n<p>2 x Cuadro, tama\u00f1o: 109&#215;70 cm<\/p>\n<p>1 x Planta y maceta (natural o artificial)<\/p>\n<p>[\/et_pb_toggle][et_pb_image src=&#8221;https:\/\/dcid-design.com\/wp-content\/uploads\/2024\/03\/EL-3.jpg&#8221; title_text=&#8221;EL 3&#8243; show_in_lightbox=&#8221;on&#8221; _builder_version=&#8221;4.24.2&#8243; _module_preset=&#8221;default&#8221; custom_margin=&#8221;||16px||false|false&#8221; global_colors_info=&#8221;{}&#8221;][\/et_pb_image][et_pb_toggle title=&#8221;Dormitorio principal &#8211; Precio: 4.800 \u20ac &#8211; Pulsa para ver los art\u00edculos incluidos&#8221; open_toggle_text_color=&#8221;#191919&#8243; icon_color=&#8221;#191919&#8243; toggle_icon=&#8221;&#x3b;||divi||400&#8243; open_toggle_icon=&#8221;&#x3a;||divi||400&#8243; _builder_version=&#8221;4.23.1&#8243; _module_preset=&#8221;default&#8221; title_text_color=&#8221;#191919&#8243; border_radii=&#8221;on|8px|8px|8px|8px&#8221; global_colors_info=&#8221;{}&#8221;]<\/p>\n<p>1 x Cama con estructura de madera y tejido textil antimanchas, completa con cabecero, medidas: 180&#215;200 cm<\/p>\n<p>1 x Colch\u00f3n de muelles ensacados, disponible en diferentes firmezas, tama\u00f1o: 180&#215;200 cm<\/p>\n<p>2 x Mesita de noche en m\u00e1rmol y metal, tama\u00f1o: 51x51x58 cm<\/p>\n<p>2 x L\u00e1mparas de mesa de m\u00e1rmol y metal, tama\u00f1o: 30x42x50 cm<\/p>\n<p>1 x Carpet in grey and gold, size: 340&#215;240 cm<\/p>\n<p>1 x Planta y maceta (natural o artificial)<\/p>\n<p>[\/et_pb_toggle][et_pb_image src=&#8221;https:\/\/dcid-design.com\/wp-content\/uploads\/2024\/03\/EL-6.jpg&#8221; title_text=&#8221;EL 6&#8243; show_in_lightbox=&#8221;on&#8221; _builder_version=&#8221;4.24.2&#8243; _module_preset=&#8221;default&#8221; custom_margin=&#8221;||16px||false|false&#8221; global_colors_info=&#8221;{}&#8221;][\/et_pb_image][et_pb_toggle title=&#8221;Sal\u00f3n Exterior &#8211; Precio: 4.400 \u20ac &#8211; Pulsa para ver los art\u00edculos incluidos&#8221; open_toggle_text_color=&#8221;#191919&#8243; icon_color=&#8221;#191919&#8243; toggle_icon=&#8221;&#x3b;||divi||400&#8243; open_toggle_icon=&#8221;&#x3a;||divi||400&#8243; _builder_version=&#8221;4.23.1&#8243; _module_preset=&#8221;default&#8221; title_text_color=&#8221;#191919&#8243; border_radii=&#8221;on|8px|8px|8px|8px&#8221; global_colors_info=&#8221;{}&#8221;]<\/p>\n<p>1 x Sof\u00e1 (3 plazas) de metal galvanizado, pana y cojines verde claro, medidas: 189x76x78 cm<\/p>\n<p>1 x Silla de metal galvanizado, cuerda y cojines verde claro, medidas: 89x76x78 cm<\/p>\n<p>1 x Silla de metal galvanizado, cuerda y cojines verde claro, medidas: 80x83x109 cm<\/p>\n<p>1 x Par de mesas de centro en cemento blanco pulido, medidas: 83&#215;77 cm y 48&#215;47 cm<\/p>\n<p>[\/et_pb_toggle][\/et_pb_column][et_pb_column type=&#8221;1_3&#8243; _builder_version=&#8221;4.23.1&#8243; _module_preset=&#8221;default&#8221; global_colors_info=&#8221;{}&#8221;][et_pb_image src=&#8221;https:\/\/dcid-design.com\/wp-content\/uploads\/2024\/03\/EL-2.jpg&#8221; title_text=&#8221;EL 2&#8243; show_in_lightbox=&#8221;on&#8221; _builder_version=&#8221;4.24.2&#8243; _module_preset=&#8221;default&#8221; custom_margin=&#8221;||16px||false|false&#8221; global_colors_info=&#8221;{}&#8221;][\/et_pb_image][et_pb_toggle title=&#8221;Comedor &#8211; Precio: 4.200 \u20ac &#8211; Pulsa para ver los art\u00edculos incluidos&#8221; open_toggle_text_color=&#8221;#191919&#8243; icon_color=&#8221;#191919&#8243; toggle_icon=&#8221;&#x3b;||divi||400&#8243; open_toggle_icon=&#8221;&#x3a;||divi||400&#8243; _builder_version=&#8221;4.24.2&#8243; _module_preset=&#8221;default&#8221; title_text_color=&#8221;#191919&#8243; border_radii=&#8221;on|8px|8px|8px|8px&#8221; global_colors_info=&#8221;{}&#8221;]<\/p>\n<p>1 x Mesa de comedor de madera y metal, dimensiones: 200x97x77 cm<\/p>\n<p>6 x Sillas de comedor en polipiel, medidas: 45x47x87 cm<\/p>\n<p>1 x Planta y maceta (natural o artificial)<\/p>\n<p>[\/et_pb_toggle][et_pb_image src=&#8221;https:\/\/dcid-design.com\/wp-content\/uploads\/2024\/03\/EL-4.jpg&#8221; title_text=&#8221;EL 4&#8243; show_in_lightbox=&#8221;on&#8221; _builder_version=&#8221;4.24.2&#8243; _module_preset=&#8221;default&#8221; custom_margin=&#8221;||16px||false|false&#8221; global_colors_info=&#8221;{}&#8221;][\/et_pb_image][et_pb_toggle title=&#8221;Habitaci\u00f3n de invitados &#8211; Precio: 3.900 \u20ac &#8211; Pulsa para ver los art\u00edculos incluidos&#8221; open_toggle_text_color=&#8221;#191919&#8243; icon_color=&#8221;#191919&#8243; toggle_icon=&#8221;&#x3b;||divi||400&#8243; open_toggle_icon=&#8221;&#x3a;||divi||400&#8243; _builder_version=&#8221;4.23.1&#8243; _module_preset=&#8221;default&#8221; title_text_color=&#8221;#191919&#8243; border_radii=&#8221;on|8px|8px|8px|8px&#8221; global_colors_info=&#8221;{}&#8221;]<\/p>\n<p>2 x Cama con estructura de madera y tejido textil antimanchas, completa con cabecero, medidas: 90&#215;200 cm<\/p>\n<p>2 x Colch\u00f3n de muelles ensacados, diferentes firmezas disponibles, tama\u00f1o: 90&#215;200 cm<\/p>\n<p>1 mesita de noche, tama\u00f1o: 50x35x50 cm<\/p>\n<p>1 x L\u00e1mpara de noche de metal, tama\u00f1o: 39x39x45 cm<\/p>\n<p>1 x Alfombra, tama\u00f1o: 290&#215;200 cm<\/p>\n<p>1 x Planta y maceta (natural o artificial)<\/p>\n<p>[\/et_pb_toggle][et_pb_image src=&#8221;https:\/\/dcid-design.com\/wp-content\/uploads\/2024\/03\/EL-5.jpg&#8221; title_text=&#8221;EL 5&#8243; show_in_lightbox=&#8221;on&#8221; _builder_version=&#8221;4.24.2&#8243; _module_preset=&#8221;default&#8221; custom_margin=&#8221;||16px||false|false&#8221; global_colors_info=&#8221;{}&#8221;][\/et_pb_image][et_pb_toggle title=&#8221;Comedor Exterior &#8211; Precio: 3.200 \u20ac &#8211; Pulsa para ver los art\u00edculos incluidos&#8221; open_toggle_text_color=&#8221;#191919&#8243; icon_color=&#8221;#191919&#8243; toggle_icon=&#8221;&#x3b;||divi||400&#8243; open_toggle_icon=&#8221;&#x3a;||divi||400&#8243; _builder_version=&#8221;4.23.1&#8243; _module_preset=&#8221;default&#8221; title_text_color=&#8221;#191919&#8243; border_radii=&#8221;on|8px|8px|8px|8px&#8221; global_colors_info=&#8221;{}&#8221;]<\/p>\n<p>1 x Mesa de comedor de cemento pulido blanco, tama\u00f1o: 152 cm de di\u00e1metro<\/p>\n<p>6 x Silla de metal galvanizado, cuerda y cojines verde claro, medidas: 45x59x77 cm<\/p>\n<p>[\/et_pb_toggle][\/et_pb_column][et_pb_column type=&#8221;1_3&#8243; _builder_version=&#8221;4.23.1&#8243; _module_preset=&#8221;default&#8221; global_colors_info=&#8221;{}&#8221;][et_pb_contact_form use_spam_service=&#8221;on&#8221; recaptcha_list=&#8221;Default|Default-0&#8243; email=&#8221;hello@dcid-design.com&#8221; custom_message=&#8221;New Message from Elemental collection ||et_pb_line_break_holder||||et_pb_line_break_holder||Name: %%Name%%||et_pb_line_break_holder||Email: %%Email%%||et_pb_line_break_holder||Message: %%Message%%||et_pb_line_break_holder||Choice: ||et_pb_line_break_holder||%%Choice%%&#8221; _builder_version=&#8221;4.24.0&#8243; _module_preset=&#8221;default&#8221; _unique_id=&#8221;a4ce011b-fd7f-41c5-bcce-f9778179fef9&#8243; form_field_background_color=&#8221;#FFFFFF&#8221; form_field_focus_background_color=&#8221;#FFFFFF&#8221; form_field_focus_text_color=&#8221;#191919&#8243; form_field_font_size=&#8221;15px&#8221; background_color=&#8221;rgba(233,226,216,0.33)&#8221; custom_padding=&#8221;1em|1em|1em|1em|true|true&#8221; sticky_position=&#8221;top&#8221; sticky_offset_top=&#8221;16px&#8221; sticky_limit_bottom=&#8221;row&#8221; sticky_position_tablet=&#8221;none&#8221; sticky_position_phone=&#8221;none&#8221; sticky_position_last_edited=&#8221;on|tablet&#8221; custom_css_main_element=&#8221;border-radius: 16px;&#8221; border_radii=&#8221;on|8px|8px|8px|8px&#8221; border_width_all=&#8221;1px&#8221; border_color_all=&#8221;#E9E2D8&#8243; locked=&#8221;off&#8221; global_colors_info=&#8221;{}&#8221;][et_pb_contact_field field_id=&#8221;Name&#8221; field_title=&#8221;Nombre&#8221; _builder_version=&#8221;4.16&#8243; global_colors_info=&#8221;{}&#8221; button_text_size__hover_enabled=&#8221;off&#8221; button_one_text_size__hover_enabled=&#8221;off&#8221; button_two_text_size__hover_enabled=&#8221;off&#8221; button_text_color__hover_enabled=&#8221;off&#8221; button_one_text_color__hover_enabled=&#8221;off&#8221; button_two_text_color__hover_enabled=&#8221;off&#8221; button_border_width__hover_enabled=&#8221;off&#8221; button_one_border_width__hover_enabled=&#8221;off&#8221; button_two_border_width__hover_enabled=&#8221;off&#8221; button_border_color__hover_enabled=&#8221;off&#8221; button_one_border_color__hover_enabled=&#8221;off&#8221; button_two_border_color__hover_enabled=&#8221;off&#8221; button_border_radius__hover_enabled=&#8221;off&#8221; button_one_border_radius__hover_enabled=&#8221;off&#8221; button_two_border_radius__hover_enabled=&#8221;off&#8221; button_letter_spacing__hover_enabled=&#8221;off&#8221; button_one_letter_spacing__hover_enabled=&#8221;off&#8221; button_two_letter_spacing__hover_enabled=&#8221;off&#8221; button_bg_color__hover_enabled=&#8221;off&#8221; button_one_bg_color__hover_enabled=&#8221;off&#8221; button_two_bg_color__hover_enabled=&#8221;off&#8221;][\/et_pb_contact_field][et_pb_contact_field field_id=&#8221;Email&#8221; field_title=&#8221;Email&#8221; field_type=&#8221;email&#8221; _builder_version=&#8221;4.16&#8243; global_colors_info=&#8221;{}&#8221; button_text_size__hover_enabled=&#8221;off&#8221; button_one_text_size__hover_enabled=&#8221;off&#8221; button_two_text_size__hover_enabled=&#8221;off&#8221; button_text_color__hover_enabled=&#8221;off&#8221; button_one_text_color__hover_enabled=&#8221;off&#8221; button_two_text_color__hover_enabled=&#8221;off&#8221; button_border_width__hover_enabled=&#8221;off&#8221; button_one_border_width__hover_enabled=&#8221;off&#8221; button_two_border_width__hover_enabled=&#8221;off&#8221; button_border_color__hover_enabled=&#8221;off&#8221; button_one_border_color__hover_enabled=&#8221;off&#8221; button_two_border_color__hover_enabled=&#8221;off&#8221; button_border_radius__hover_enabled=&#8221;off&#8221; button_one_border_radius__hover_enabled=&#8221;off&#8221; button_two_border_radius__hover_enabled=&#8221;off&#8221; button_letter_spacing__hover_enabled=&#8221;off&#8221; button_one_letter_spacing__hover_enabled=&#8221;off&#8221; button_two_letter_spacing__hover_enabled=&#8221;off&#8221; button_bg_color__hover_enabled=&#8221;off&#8221; button_one_bg_color__hover_enabled=&#8221;off&#8221; button_two_bg_color__hover_enabled=&#8221;off&#8221;][\/et_pb_contact_field][et_pb_contact_field field_id=&#8221;Message&#8221; field_title=&#8221;Mensaje&#8221; fullwidth_field=&#8221;on&#8221; _builder_version=&#8221;4.24.0&#8243; _module_preset=&#8221;default&#8221; global_colors_info=&#8221;{}&#8221;][\/et_pb_contact_field][et_pb_contact_field field_id=&#8221;Choice&#8221; field_title=&#8221;Seleccione&#8221; field_type=&#8221;checkbox&#8221; checkbox_options=&#8221;%91{%22value%22:%22Colecci\u00f3n elemental completa%22,%22checked%22:0,%22dragID%22:-1},{%22value%22:%22Sala de estar%22,%22checked%22:0,%22dragID%22:0},{%22value%22:%22Comedor%22,%22checked%22:0,%22dragID%22:1},{%22value%22:%22Dormitorio principal%22,%22checked%22:0,%22dragID%22:2},{%22value%22:%22Habitaci\u00f3n de hu\u00e9spedes%22,%22checked%22:0,%22dragID%22:3},{%22value%22:%22Comedor exterior%22,%22checked%22:0,%22dragID%22:4},{%22value%22:%22Sal\u00f3n exterior%22,%22checked%22:0,%22dragID%22:5}%93&#8243; fullwidth_field=&#8221;on&#8221; _builder_version=&#8221;4.24.0&#8243; _module_preset=&#8221;default&#8221; global_colors_info=&#8221;{}&#8221;][\/et_pb_contact_field][et_pb_contact_field field_id=&#8221;Privacy&#8221; field_title=&#8221; &#8221; field_type=&#8221;checkbox&#8221; checkbox_options=&#8221;%91{%22value%22:%22 He le\u00eddo y acepto la %22,%22checked%22:0,%22dragID%22:-1,%22link_url%22:%22https:\\\/\\\/clientes.prodat.es\\\/privacidad\\\/MLG\\\/dcid%22,%22link_text%22:%22Pol\u00edtica de privacidad.*%22}%93&#8243; fullwidth_field=&#8221;on&#8221; _builder_version=&#8221;4.24.0&#8243; _module_preset=&#8221;default&#8221; custom_margin=&#8221;18px||18px||true|false&#8221; border_radii=&#8221;on|1px|1px|1px|1px&#8221; global_colors_info=&#8221;{}&#8221;][\/et_pb_contact_field][\/et_pb_contact_form][\/et_pb_column][\/et_pb_row][\/et_pb_section][et_pb_section fb_built=&#8221;1&#8243; _builder_version=&#8221;4.23.1&#8243; _module_preset=&#8221;default&#8221; global_colors_info=&#8221;{}&#8221;][et_pb_row _builder_version=&#8221;4.23.1&#8243; _module_preset=&#8221;default&#8221; global_colors_info=&#8221;{}&#8221;][et_pb_column type=&#8221;4_4&#8243; _builder_version=&#8221;4.23.1&#8243; _module_preset=&#8221;default&#8221; global_colors_info=&#8221;{}&#8221;][et_pb_text _builder_version=&#8221;4.23.1&#8243; _module_preset=&#8221;default&#8221; global_colors_info=&#8221;{}&#8221;]<\/p>\n<h2>Productos relacionados de la tienda web<\/h2>\n<p>[\/et_pb_text][et_pb_shop type=&#8221;product_category&#8221; include_categories=&#8221;33&#8243; _builder_version=&#8221;4.23.1&#8243; _module_preset=&#8221;default&#8221; global_colors_info=&#8221;{}&#8221;][\/et_pb_shop][\/et_pb_column][\/et_pb_row][\/et_pb_section]<\/p>\n","protected":false},"excerpt":{"rendered":"<p>Muebles de influencia elemental: \u00a1Abrazando el poder de la naturaleza en tu hogar! Los muebles de inspiraci\u00f3n elemental son un dise\u00f1o que se inspira en los cuatro elementos fundamentales de la naturaleza: tierra, aire, fuego y agua. Este estilo tiene como objetivo crear una sensaci\u00f3n de armon\u00eda y equilibrio dentro del hogar mediante la incorporaci\u00f3n [&hellip;]<\/p>\n","protected":false},"author":2,"featured_media":0,"parent":3270,"menu_order":0,"comment_status":"closed","ping_status":"closed","template":"","meta":{"_et_pb_use_builder":"on","_et_pb_old_content":"","_et_gb_content_width":"","footnotes":""},"class_list":["post-1658","page","type-page","status-publish","hentry"],"_links":{"self":[{"href":"https:\/\/dcid-design.com\/es\/wp-json\/wp\/v2\/pages\/1658","targetHints":{"allow":["GET"]}}],"collection":[{"href":"https:\/\/dcid-design.com\/es\/wp-json\/wp\/v2\/pages"}],"about":[{"href":"https:\/\/dcid-design.com\/es\/wp-json\/wp\/v2\/types\/page"}],"author":[{"embeddable":true,"href":"https:\/\/dcid-design.com\/es\/wp-json\/wp\/v2\/users\/2"}],"replies":[{"embeddable":true,"href":"https:\/\/dcid-design.com\/es\/wp-json\/wp\/v2\/comments?post=1658"}],"version-history":[{"count":15,"href":"https:\/\/dcid-design.com\/es\/wp-json\/wp\/v2\/pages\/1658\/revisions"}],"predecessor-version":[{"id":2564,"href":"https:\/\/dcid-design.com\/es\/wp-json\/wp\/v2\/pages\/1658\/revisions\/2564"}],"up":[{"embeddable":true,"href":"https:\/\/dcid-design.com\/es\/wp-json\/wp\/v2\/pages\/3270"}],"wp:attachment":[{"href":"https:\/\/dcid-design.com\/es\/wp-json\/wp\/v2\/media?parent=1658"}],"curies":[{"name":"wp","href":"https:\/\/api.w.org\/{rel}","templated":true}]}}